{"id":2068,"date":"2019-10-25T03:14:15","date_gmt":"2019-10-25T09:14:15","guid":{"rendered":"http:\/\/dhmmaquinaria.ika.mx\/wordpress\/?post_type=product&#038;p=2068"},"modified":"2026-04-14T05:43:41","modified_gmt":"2026-04-14T11:43:41","slug":"torno-petrolero-md-47-series","status":"publish","type":"product","link":"https:\/\/www.dhm-maquinaria.com\/index.php\/product\/torno-petrolero-md-47-series\/","title":{"rendered":"Torno Petrolero Convencional MD-47 Series"},"content":{"rendered":"<p>[vc_row][vc_column][vc_tta_tabs][vc_tta_section title=&#8221;Especificaciones&#8221; tab_id=&#8221;1571994697237-ab3a479a-a579&#8243;][vc_column_text]<\/p>\n<table class=\"table table-striped\">\n<tbody>\n<tr class=\"specHeader\">\n<th style=\"font-size: 15px; color: #444444 !important; text-align: center;\">Especificaciones<\/th>\n<th style=\"text-align: center; color: #ffffff; background: #757575;\"><strong>MD-47<\/strong><\/th>\n<th style=\"font-size: 15px; text-align: center;\"><a href=\"http:\/\/www.dhm-maquinaria.com\/index.php\/product\/torno-petrolero-md-55-series\/\">MD-55<\/a><\/th>\n<th style=\"font-size: 15px; text-align: center;\"><a href=\"http:\/\/www.dhm-maquinaria.com\/index.php\/product\/torno-petrolero-md-70-series\/\">MD-70<\/a><\/th>\n<\/tr>\n<tr>\n<td style=\"text-align: center;\">Volteo sobre la bancada<\/td>\n<td style=\"text-align: center; color: #ffffff; background: #757575;\">47\u201d (1200mm)<\/td>\n<td style=\"text-align: center;\">55\u201d(1400mm)<\/td>\n<td style=\"text-align: center;\">70\u201d(1800mm)<\/td>\n<\/tr>\n<tr>\n<td style=\"text-align: center;\">Volteo sobre el carro<\/td>\n<td style=\"text-align: center; color: #ffffff; background: #757575;\">33\u201d (830mm)<\/td>\n<td style=\"text-align: center;\">40\u201d(1030mm)<\/td>\n<td style=\"text-align: center;\">56\u201d(1430mm)<\/td>\n<\/tr>\n<tr>\n<td style=\"text-align: center;\">Volteo sobre el escote<\/td>\n<td style=\"text-align: center; color: #ffffff; background: #757575;\">68.8\u201d ( 1750mm)<\/td>\n<td style=\"text-align: center;\">76.7\u201d ( 1950mm)<\/td>\n<td style=\"text-align: center;\">&#8212;&#8212;<\/td>\n<\/tr>\n<tr>\n<td style=\"text-align: center;\">Altura al centro<\/td>\n<td style=\"text-align: center; color: #ffffff; background: #757575;\">23.6\u201d (600mm)<\/td>\n<td style=\"text-align: center;\">27.5\u201d(700mm)<\/td>\n<td style=\"text-align: center;\">35.4\u201d(900mm)<\/td>\n<\/tr>\n<tr>\n<td style=\"text-align: center;\">Ancho<\/td>\n<td style=\"text-align: center; color: #ffffff; background: #757575;\">23.6\u201d ( 600mm)<\/td>\n<td style=\"text-align: center;\">23.6\u201d( 600mm)<\/td>\n<td style=\"text-align: center;\">&#8212;&#8212;<\/td>\n<\/tr>\n<tr>\n<td style=\"text-align: center;\">Ancho de cama<\/td>\n<td style=\"text-align: center; color: #ffffff; background: #757575;\">32\u201d (800mm)<\/td>\n<td style=\"text-align: center;\">32\u201d(800mm)<\/td>\n<td style=\"text-align: center;\">32\u201d(800mm)<\/td>\n<\/tr>\n<tr>\n<td style=\"text-align: center;\">Distancia entre centros<\/td>\n<td style=\"text-align: center; color: #ffffff; background: #757575;\">80\u201d\/120\u201d\/160\u201d\/200\u201d\/240\u201d\/280\u201d\/320<\/td>\n<td style=\"text-align: center;\">80\u201d\/120\u201d\/160\u201d\/200\u201d\/240\u201d\/280\u201d\/320\u201d<\/p>\n<p>2M\/3M\/4M\/5M\/6M\/7M\/8M<\/td>\n<td style=\"text-align: center;\">80\u201d\/120\u201d\/160\u201d\/200\u201d\/240\u201d\/280\u201d\/320\u201d<\/p>\n<p>2M\/3M\/4M\/5M\/6M\/7M\/8M<\/td>\n<\/tr>\n<tr>\n<td style=\"text-align: center;\">Paso de barra<\/td>\n<td style=\"text-align: center; color: #ffffff; background: #757575;\">Standard 9\u201d(230mm), Opt. 12\u201d, 14\u201d, 21\u201d versiones<\/td>\n<td style=\"text-align: center;\">Standard 9\u201d(230mm), Opt. 12\u201d, 14\u201d, 21\u201d versiones<\/td>\n<td style=\"text-align: center;\">Standard 9\u201d(230mm), Opt. 12\u201d, 14\u201d, 21\u201d versiones<\/td>\n<\/tr>\n<tr>\n<td style=\"text-align: center;\">Nariz del husillo<\/td>\n<td style=\"text-align: center; color: #ffffff; background: #757575;\">Estandard A2-15, (A2-20, A2-20, A2-28 p\/otros pasos de barra)<\/td>\n<td style=\"text-align: center;\">Standard A2-15, (A2-20, A2-20, A2-28p\/otros pasos de barra)<\/td>\n<td style=\"text-align: center;\">Standard 9\u201d(230mm), Opt. 12\u201d, 14\u201d, 21\u201d versiones<\/td>\n<\/tr>\n<tr>\n<td style=\"text-align: center;\">Rango de Vel. de Husillo<\/td>\n<td style=\"text-align: center; color: #ffffff; background: #757575;\">Estandard 6-400 r.p.m (9\u201d paso de barra)<br \/>\n5-300 r.p.m (Opcional 12\u201dpaso de barra)<br \/>\n5-300 r.p.m (Opcionall 14\u201dpaso de barra)<br \/>\n3-230 r.p.m (Opcional 21\u201dpaso de barra)<\/td>\n<td style=\"text-align: center;\">Estandard 6-400 r.p.m (9\u201d paso de barra)<br \/>\n5-300 r.p.m (Opcional 12\u201dpaso de barra)<br \/>\n5-300 r.p.m (Opcionall 14\u201dpaso de barra)<br \/>\n3-230 r.p.m (Opcional 21\u201dpaso de barra)<\/td>\n<td style=\"text-align: center;\">Standard 6-400 r.p.m (9\u201d paso de barra)<br \/>\n5-300 r.p.m (Optional 12\u201d paso de barra)<br \/>\n5-300 r.p.m (Optional 14\u201d paso de barra)<br \/>\n3-230 r.p.m (Optional 21\u201d paso de barra)<\/td>\n<\/tr>\n<tr>\n<td style=\"text-align: center;\">Motor principal<\/td>\n<td style=\"text-align: center; color: #ffffff; background: #757575;\">30HP (Opc. 40 y 50 HP)<\/td>\n<td style=\"text-align: center;\">30HP (Opt. 40, 50HP)<\/td>\n<td style=\"text-align: center;\">50 HP<\/td>\n<\/tr>\n<tr>\n<td style=\"text-align: center;\">Viaje del carro transversal<\/td>\n<td style=\"text-align: center; color: #ffffff; background: #757575;\">30.7\u201d(780mm)<\/td>\n<td style=\"text-align: center;\">30.7\u201d(780mm)<\/td>\n<td style=\"text-align: center;\">30.7\u201d(780mm)<\/td>\n<\/tr>\n<tr>\n<td style=\"text-align: center;\">Avance transeversal<\/td>\n<td style=\"text-align: center; color: #ffffff; background: #757575;\">0.065-0.96(48 tipos)<\/td>\n<td style=\"text-align: center;\">0.065-0.96(48 tipos)<\/td>\n<td style=\"text-align: center;\">0.065-0.96(48 tipos)<\/td>\n<\/tr>\n<tr>\n<td style=\"text-align: center;\">Avance Longitudinal<\/td>\n<td style=\"text-align: center; color: #ffffff; background: #757575;\">0.13-1.92(48 tipos)<\/td>\n<td style=\"text-align: center;\">0.13-1.92(48 tipos)<\/td>\n<td style=\"text-align: center;\">0.13-1.92(48 tipos)<\/td>\n<\/tr>\n<tr>\n<td style=\"text-align: center;\">Diametro tornillo sinfin<\/td>\n<td style=\"text-align: center; color: #ffffff; background: #757575;\">\u00d8 1.9\u201d(\u00d8 50mm )x 2 TPI<\/td>\n<td style=\"text-align: center;\">\u00d8 1.9\u201d(\u00d8 50mm)x2 TPI<\/td>\n<td style=\"text-align: center;\">\u00d8 1.9\u201d(\u00d8 50mm)x2 TPI<\/td>\n<\/tr>\n<tr>\n<td style=\"text-align: center;\">Capacidad de roscas (metricas)<\/td>\n<td style=\"text-align: center; color: #ffffff; background: #757575;\">2-30mm \/ paso (48 tipos)<\/td>\n<td style=\"text-align: center;\">2-30mm\/Pitch(48 tipos)<\/td>\n<td style=\"text-align: center;\">2-30mm\/Pitch(48 tipos)<\/td>\n<\/tr>\n<tr>\n<td style=\"text-align: center;\">Rango de roscas modulares (metricas)<\/td>\n<td style=\"text-align: center; color: #ffffff; background: #757575;\">1-15M (32 tipos)<\/td>\n<td style=\"text-align: center;\">1-15M(32 tipos)<\/td>\n<td style=\"text-align: center;\">1-15M(32 tipos)<\/td>\n<\/tr>\n<tr>\n<td style=\"text-align: center;\">Rango de roscas modulares (pulgadas)<\/td>\n<td style=\"text-align: center; color: #ffffff; background: #757575;\">2-30P(48 tipos)<\/td>\n<td style=\"text-align: center;\">2-30P(48 tipos)<\/td>\n<td style=\"text-align: center;\">2-30P(48 tipos)<\/td>\n<\/tr>\n<tr>\n<td style=\"text-align: center;\">Viaje del carro aux.<\/td>\n<td style=\"text-align: center; color: #ffffff; background: #757575;\">13.8\u201d (350mm)<\/td>\n<td style=\"text-align: center;\">13.8\u201d(350mm)<\/td>\n<td style=\"text-align: center;\">13.8\u201d(350mm)<\/td>\n<\/tr>\n<tr>\n<td style=\"text-align: center;\">Tama\u00f1o de la herramienta<\/td>\n<td style=\"text-align: center; color: #ffffff; background: #757575;\">1.96\u201dx1.96\u201d (50x50mm)<\/td>\n<td style=\"text-align: center;\">1.96\u201dx1.96\u201d(50x50mm)<\/td>\n<td style=\"text-align: center;\">1.96\u201dx1.96\u201d(50x50mm)<\/td>\n<\/tr>\n<tr>\n<td style=\"text-align: center;\">Motor del avance rapido<\/td>\n<td style=\"text-align: center; color: #ffffff; background: #757575;\">1 HP<\/td>\n<td style=\"text-align: center;\">1 HP<\/td>\n<td style=\"text-align: center;\">1 HP<\/td>\n<\/tr>\n<tr>\n<td style=\"text-align: center;\">Bomba del aceite<\/td>\n<td style=\"text-align: center; color: #ffffff; background: #757575;\">12 W<\/td>\n<td style=\"text-align: center;\">12 W<\/td>\n<td style=\"text-align: center;\">12 W<\/td>\n<\/tr>\n<tr>\n<td style=\"text-align: center;\">Bomba del refrigerante<\/td>\n<td style=\"text-align: center; color: #ffffff; background: #757575;\">1\/4 HP<\/td>\n<td style=\"text-align: center;\">1\/4 HP<\/td>\n<td style=\"text-align: center;\">1\/4 HP<\/td>\n<\/tr>\n<tr>\n<td style=\"text-align: center;\">Husillo del contrapunto<\/td>\n<td style=\"text-align: center; color: #ffffff; background: #757575;\">\u00d8 7.9\u2033( \u00d8 200 mm) \/ (Opt \u00d8 300 mm diametro del contrapunto)<\/td>\n<td style=\"text-align: center;\">\u00d8 7.9\u2033( \u00d8 200 mm) \/ (Opt \u00d8 300 mm diametro del contrapunto)<\/td>\n<td style=\"text-align: center;\">\u00d8 7.9\u2033( \u00d8 200 mm) \/ (Opt \u00d8 300 mm diametro del contrapunto)<\/td>\n<\/tr>\n<tr>\n<td style=\"text-align: center;\">Cono del contrapunto<\/td>\n<td style=\"text-align: center; color: #ffffff; background: #757575;\">MT#7<\/td>\n<td style=\"text-align: center;\">MT#7<\/td>\n<td style=\"text-align: center;\">MT#7<\/td>\n<\/tr>\n<tr>\n<td style=\"text-align: center;\">Viaje del contrapunto<\/td>\n<td style=\"text-align: center; color: #ffffff; background: #757575;\">11.81\u2033 (300 mm)<\/td>\n<td style=\"text-align: center;\">11.81\u2033 (300 mm)<\/td>\n<td style=\"text-align: center;\">11.81\u2033 (300 mm)<\/td>\n<\/tr>\n<\/tbody>\n<\/table>\n<p>[\/vc_column_text][\/vc_tta_section][vc_tta_section title=&#8221;Accesorios Opc.&#8221; tab_id=&#8221;1573770117506-2d6ac58a-18a2&#8243;][vc_column_text]<\/p>\n<table>\n<tbody>\n<tr>\n<td>\n<h3>Accesorios Estandar<\/h3>\n<ul>\n<li>Sistema de refrigeraci\u00f3n.<\/li>\n<li>Torreta 4 posiciones.<\/li>\n<li>L\u00e1mpara de trabajo de hal\u00f3geno.<\/li>\n<li>Transmisi\u00f3n universal Pulgadas\/Mil\u00edmetros<\/li>\n<li>Freno magn\u00e9tico.<\/li>\n<li>Caja de herramientas.<\/li>\n<li>Patas y tornillos niveladores<\/li>\n<\/ul>\n<\/td>\n<td>\n<h3>Accesorios Opcionales<\/h3>\n<ul>\n<li>Paso de barra de 12\u201d.<\/li>\n<li>Paso de barra de 14\u201d.<\/li>\n<li>Paso de barra de 21\u201d.<\/li>\n<li>Chuck independiente de 4 mordazas de 28&#8243; (acero)<\/li>\n<li>Chuck independiente de 4 mordazas de 28&#8243;(fundici\u00f3n)<\/li>\n<li>Chuck independiente de 4 mordazas de 32&#8243;.<\/li>\n<li>Chuck independiente de 4 mordazas de 40&#8243;.<\/li>\n<li>Luneta fija ( 150 ~ 380 mm).<\/li>\n<li>Luneta fija ( 300 ~ 550 mm).<\/li>\n<li>Aditamento p\/ fabricaci\u00f3n de conos (500mm\u00b110\u309c).<\/li>\n<li>Luneta movil (25 ~ 170mm).<\/li>\n<li>Roscado r\u00e1pido semiautom\u00e1tico (ciclo autom\u00e1tico).<\/li>\n<li>Torreta de cambio r\u00e1pido (serie EA).<\/li>\n<li>Copiador hidr\u00e1ulico.<\/li>\n<li>Torreta de herramientas extra.<\/li>\n<\/ul>\n<\/td>\n<\/tr>\n<\/tbody>\n<\/table>\n<p>[\/vc_column_text][\/vc_tta_section][vc_tta_section title=&#8221;Descargas&#8221; tab_id=&#8221;1593804108207-ee6c32fd-40f8&#8243;][vc_column_text]<img loading=\"lazy\" class=\"middle size-thumbnail wp-image-6210\" src=\"http:\/\/www.dhm-maquinaria.com\/wp-content\/uploads\/2020\/05\/icono-PDF-150x150.png\" alt=\"\" width=\"34px\" height=\"34px\" srcset=\"https:\/\/www.dhm-maquinaria.com\/wp-content\/uploads\/2020\/05\/icono-PDF-150x150.png 150w, https:\/\/www.dhm-maquinaria.com\/wp-content\/uploads\/2020\/05\/icono-PDF-300x300.png 300w, https:\/\/www.dhm-maquinaria.com\/wp-content\/uploads\/2020\/05\/icono-PDF-100x100.png 100w, https:\/\/www.dhm-maquinaria.com\/wp-content\/uploads\/2020\/05\/icono-PDF-450x450.png 450w, https:\/\/www.dhm-maquinaria.com\/wp-content\/uploads\/2020\/05\/icono-PDF-243x243.png 243w, https:\/\/www.dhm-maquinaria.com\/wp-content\/uploads\/2020\/05\/icono-PDF-102x102.png 102w, https:\/\/www.dhm-maquinaria.com\/wp-content\/uploads\/2020\/05\/icono-PDF-200x200.png 200w, https:\/\/www.dhm-maquinaria.com\/wp-content\/uploads\/2020\/05\/icono-PDF.png 512w\" sizes=\"(max-width: 150px) 100vw, 150px\" \/><a href=\"http:\/\/www.dhm-maquinaria.com\/wp-content\/uploads\/2020\/07\/TORNO-PETROLERO-CONVENCIONAL_MD-47.pdf\">TORNO PETROLERO CONVENCIONAL_MD-47<\/a>[\/vc_column_text][\/vc_tta_section][\/vc_tta_tabs][\/vc_column][\/vc_row]<\/p>\n","protected":false},"excerpt":{"rendered":"<ul>\n<li>Motor del husillo 30 HP.<\/li>\n<li>Cama abierta de 32&#8243; sobre una bancada plana de una sola pieza para dar extra rigidez.<\/li>\n<li>Avanze longitudinal ajustable multiposici\u00f3n con paro de emergencia.<\/li>\n<li>Movimiento r\u00e1pido de 4 gu\u00edas (eje X y Z).<\/li>\n<li>El soporte del 3er. riel mejora la fuerza de corte.<\/li>\n<li>El perno de seguridad de 4 gu\u00edas permite una f\u00e1cil rotaci\u00f3n de la torreta de cambio, asegurando rigidez en el corte.<\/li>\n<li>Sistema de lubricaci\u00f3n autom\u00e1tica para gu\u00edas.<\/li>\n<li>Paso de barra de 9&#8243; y nariz del husillo A2-15 (6-400 RPM).<\/li>\n<\/ul>\n","protected":false},"featured_media":2081,"comment_status":"open","ping_status":"closed","template":"","meta":{"_mi_skip_tracking":false},"product_cat":[127],"product_tag":[132,170],"_links":{"self":[{"href":"https:\/\/www.dhm-maquinaria.com\/index.php\/wp-json\/wp\/v2\/product\/2068"}],"collection":[{"href":"https:\/\/www.dhm-maquinaria.com\/index.php\/wp-json\/wp\/v2\/product"}],"about":[{"href":"https:\/\/www.dhm-maquinaria.com\/index.php\/wp-json\/wp\/v2\/types\/product"}],"replies":[{"embeddable":true,"href":"https:\/\/www.dhm-maquinaria.com\/index.php\/wp-json\/wp\/v2\/comments?post=2068"}],"wp:featuredmedia":[{"embeddable":true,"href":"https:\/\/www.dhm-maquinaria.com\/index.php\/wp-json\/wp\/v2\/media\/2081"}],"wp:attachment":[{"href":"https:\/\/www.dhm-maquinaria.com\/index.php\/wp-json\/wp\/v2\/media?parent=2068"}],"wp:term":[{"taxonomy":"product_cat","embeddable":true,"href":"https:\/\/www.dhm-maquinaria.com\/index.php\/wp-json\/wp\/v2\/product_cat?post=2068"},{"taxonomy":"product_tag","embeddable":true,"href":"https:\/\/www.dhm-maquinaria.com\/index.php\/wp-json\/wp\/v2\/product_tag?post=2068"}],"curies":[{"name":"wp","href":"https:\/\/api.w.org\/{rel}","templated":true}]}}