{"id":2015,"date":"2019-10-24T10:08:52","date_gmt":"2019-10-24T16:08:52","guid":{"rendered":"http:\/\/dhmmaquinaria.ika.mx\/wordpress\/?post_type=product&#038;p=2015"},"modified":"2026-03-19T10:50:19","modified_gmt":"2026-03-19T17:50:19","slug":"torno-de-precision-de-bancada-plana-csc-1840-1860","status":"publish","type":"product","link":"https:\/\/www.dhm-maquinaria.com\/index.php\/product\/torno-de-precision-de-bancada-plana-csc-1840-1860\/","title":{"rendered":"Torno de Precisi\u00f3n de Bancada Plana CSC-1840-1860"},"content":{"rendered":"<p>[vc_row][vc_column][vc_tta_tabs][vc_tta_section title=&#8221;Especificaciones&#8221; tab_id=&#8221;1571933159962-f5eb6003-b352&#8243;][vc_column_text]<\/p>\n<table class=\"table table-striped\" style=\"text-align: center;\">\n<tbody>\n<tr class=\"specHeader\">\n<th style=\"font-size: 15px; color: #444444 !important; text-align: center;\">Especificaciones<\/th>\n<th style=\"text-align: center;\"><a href=\"http:\/\/www.dhm-maquinaria.com\/index.php\/product\/torno-de-precision-de-bancada-plana-csm-1440\/\">CSM-1440<\/a><\/th>\n<th class=\"currentsphead\" style=\"text-align: center;\"><a href=\"http:\/\/www.dhm-maquinaria.com\/index.php\/product\/torno-cnc-de-precision-bancada-plana-crl-1640\/\">CRL-1640<\/a><\/th>\n<th class=\"1\" style=\"color: #ffffff; background: #757575; text-align: center;\">CSC-1840\/1860<\/th>\n<\/tr>\n<tr>\n<td style=\"font-style: italic; text-align: center;\">Volteo Sobre la Bancada:<\/td>\n<td class=\"0\">14\u201d<\/td>\n<td class=\"currentcol0\">16&#8243;<\/td>\n<td class=\"0\" style=\"color: #ffffff; background: #757575;\">18\u201d<\/td>\n<\/tr>\n<tr>\n<td style=\"font-style: italic; text-align: center;\">Volteo Sobre el Carro:<\/td>\n<td class=\"1\">7.48\u201d (190 mm)<\/td>\n<td class=\"currentcol1\">8.6\u201d<\/td>\n<td class=\"1\" style=\"color: #ffffff; background: #757575;\">10\u201d<\/td>\n<\/tr>\n<tr>\n<td style=\"font-style: italic; text-align: center;\">Distancia entre Centros:<\/td>\n<td class=\"0\">40\u201d<\/td>\n<td class=\"currentcol0\">35\u201d<\/td>\n<td class=\"0\" style=\"color: #ffffff; background: #757575;\">38\u201d \/ 57\u201d<\/td>\n<\/tr>\n<tr>\n<td style=\"font-style: italic; text-align: center;\">Ancho de Cama:<\/td>\n<td class=\"1\">8.1\u201d<\/td>\n<td class=\"currentcol1\">10.23\u201d<\/td>\n<td class=\"1\" style=\"color: #ffffff; background: #757575;\">12\u201d<\/td>\n<\/tr>\n<tr>\n<td style=\"font-style: italic; text-align: center;\">Nariz del Husillo:<\/td>\n<td class=\"0\">Camlock D1-4 (Opc.. ASA A1-4)<\/td>\n<td class=\"currentcol0\">ASA A2-5<\/td>\n<td class=\"0\" style=\"color: #ffffff; background: #757575;\">ASA A2-6\u201d<\/td>\n<\/tr>\n<tr>\n<td style=\"font-style: italic; text-align: center;\">Paso de Barra:<\/td>\n<td class=\"1\">1.5\u201d<\/td>\n<td class=\"currentcol1\">2\u201d<\/td>\n<td class=\"1\" style=\"color: #ffffff; background: #757575;\">2.56\u201d<\/td>\n<\/tr>\n<tr>\n<td style=\"font-style: italic; text-align: center;\">Cono de Husillo:<\/td>\n<td class=\"0\">MT #5<\/td>\n<td class=\"currentcol0\">1\/19.18<\/td>\n<td class=\"0\" style=\"color: #ffffff; background: #757575;\">MT #6 with sleeve<\/td>\n<\/tr>\n<tr>\n<td style=\"font-style: italic; text-align: center;\">Rango de Velocidades:<\/td>\n<td class=\"1\">50-2500 RPM<\/td>\n<td class=\"currentcol1\">25-3000 RPM<\/td>\n<td class=\"1\" style=\"color: #ffffff; background: #757575;\">40-4000 RPM<\/td>\n<\/tr>\n<tr>\n<td style=\"font-style: italic; text-align: center;\">Viaje Longitudinal (Eje -Z):<\/td>\n<td class=\"0\">33\u201d<\/td>\n<td class=\"currentcol0\">34\u201d or 28\u201d (w\/ 8 position turret option)<\/td>\n<td class=\"0\" style=\"color: #ffffff; background: #757575;\">33.5\u201d\/53\u201d<\/td>\n<\/tr>\n<tr>\n<td style=\"font-style: italic; text-align: center;\">Viaje transversal (Eje -X):<\/td>\n<td class=\"1\">8\u201d<\/td>\n<td class=\"currentcol1\">8.5\u201d or 7\u201d (w\/ 8 position turret option)<\/td>\n<td class=\"1\" style=\"color: #ffffff; background: #757575;\">9.05\u201d<\/td>\n<\/tr>\n<tr>\n<td style=\"font-style: italic; text-align: center;\">Di\u00e1metro Tornillo Sinfin (Eje -Z):<\/td>\n<td class=\"0\">1.259\u201d .5 mm paso<\/td>\n<td class=\"currentcol0\">1.259\u201d, 10 mm pitch<\/td>\n<td class=\"0\" style=\"color: #ffffff; background: #757575;\">1-5\/16\u201d, 10mm pitch<\/td>\n<\/tr>\n<tr>\n<td style=\"font-style: italic; text-align: center;\">Di\u00e1metro Tornillo Sinfin (Eje -Y):<\/td>\n<td class=\"1\">0.98\u201d .5 mm paso<\/td>\n<td class=\"currentcol1\">0.787\u201d, 5 mm pitch<\/td>\n<td class=\"1\" style=\"color: #ffffff; background: #757575;\">0.787\u201d, 5mm pitch<\/td>\n<\/tr>\n<tr>\n<td style=\"font-style: italic; text-align: center;\">Movimiento R\u00e1pido Transversal (Eje -Z):<\/td>\n<td class=\"0\">236\u201d\/min<\/td>\n<td class=\"currentcol0\">393\u201d\/min<\/td>\n<td class=\"0\" style=\"color: #ffffff; background: #757575;\">393\u201d\/min<\/td>\n<\/tr>\n<tr>\n<td style=\"font-style: italic; text-align: center;\">Movimiento R\u00e1pido Transversal (Eje -Y):<\/td>\n<td class=\"0\">236\u201d\/min<\/td>\n<td class=\"currentcol0\">295\u201d\/min<\/td>\n<td class=\"0\" style=\"color: #ffffff; background: #757575;\">295\u201d\/min<\/td>\n<\/tr>\n<tr>\n<td style=\"font-style: italic; text-align: center;\">Di\u00e1metro del Contrapunto:<\/td>\n<td class=\"0\">1-3\/4\u201d<\/td>\n<td class=\"currentcol0\">2.283\u201d<\/td>\n<td class=\"0\" style=\"color: #ffffff; background: #757575;\">2.677\u201d<\/td>\n<\/tr>\n<tr>\n<td style=\"font-style: italic; text-align: center;\">Viaje del Contrapunto:<\/td>\n<td class=\"0\">4-3\/4\u201d<\/td>\n<td class=\"currentcol0\">5.5\u201d<\/td>\n<td class=\"0\" style=\"color: #ffffff; background: #757575;\">6\u201d<\/td>\n<\/tr>\n<tr>\n<td style=\"font-style: italic; text-align: center;\">Cono del Contrapunto:<\/td>\n<td class=\"0\">MT #3<\/td>\n<td class=\"currentcol0\">MT #4<\/td>\n<td class=\"0\" style=\"color: #ffffff; background: #757575;\">MT #4<\/td>\n<\/tr>\n<tr>\n<td style=\"font-style: italic; text-align: center;\">Motor Principal:<\/td>\n<td class=\"0\">7.5 HP<\/td>\n<td class=\"currentcol0\">10 HP<\/td>\n<td class=\"0\" style=\"color: #ffffff; background: #757575;\">15 HP<\/td>\n<\/tr>\n<tr>\n<td style=\"font-style: italic; text-align: center;\">Servo Motor AC (Eje -Z)<\/td>\n<td class=\"0\">1.1 HP<\/td>\n<td class=\"currentcol0\">1.6 HP<\/td>\n<td class=\"0\" style=\"color: #ffffff; background: #757575;\">1.3 HP<\/td>\n<\/tr>\n<tr>\n<td style=\"font-style: italic; text-align: center;\">Servo Motor AC (Eje -X):<\/td>\n<td class=\"0\">1.1 HP<\/td>\n<td class=\"currentcol0\">1 HP<\/td>\n<td class=\"0\" style=\"color: #ffffff; background: #757575;\">1.3 HP<\/td>\n<\/tr>\n<tr>\n<td style=\"font-style: italic; text-align: center;\">Peso Neto:<\/td>\n<td class=\"0\">2530 lbs \/ 1150 kg<\/td>\n<td class=\"currentcol0\">4730 LBS<\/td>\n<td class=\"0\" style=\"color: #ffffff; background: #757575;\">5170\/5720 LBS<\/td>\n<\/tr>\n<tr>\n<td style=\"font-style: italic; text-align: center;\">Peso Bruto:<\/td>\n<td class=\"0\">2750 lbs \/ 1250 kg<\/td>\n<td class=\"currentcol0\">&#8212;&#8211;<\/td>\n<td class=\"0\" style=\"color: #ffffff; background: #757575;\">6270\/6820 LBS<\/td>\n<\/tr>\n<tr>\n<td style=\"font-style: italic; text-align: center;\">Dimensi\u00f3n del Embarque:<\/td>\n<td class=\"0\">100\u201d x 65\u201d x 79\u201d \/ 2.54 x 1.65 x 2.00 mts<\/td>\n<td class=\"currentcol0\">&#8212;&#8211;<\/td>\n<td class=\"0\" style=\"color: #ffffff; background: #757575;\">&#8212;-<\/td>\n<\/tr>\n<\/tbody>\n<\/table>\n<p>[\/vc_column_text][\/vc_tta_section][vc_tta_section title=&#8221;Accesorios Opc.&#8221; tab_id=&#8221;1571933159969-28137998-a23f&#8221;][vc_column_text]<\/p>\n<table>\n<tbody>\n<tr>\n<td>\n<h3>Accesorios Estandar<\/h3>\n<ul>\n<li>Control Fanuc<\/li>\n<li>Motor del husillo Fanuc servo AC<\/li>\n<li>Unidad de lubricaci\u00f3n autom\u00e1tica<\/li>\n<li>Sistema de refrigeraci\u00f3n<\/li>\n<\/ul>\n<\/td>\n<td>\n<h3>Accesorios Opcionales<\/h3>\n<ul>\n<li>Chuck universal de 3 mordazas<\/li>\n<li>Chuck independiente de 4 mordazas<\/li>\n<li>Plato adaptador.<\/li>\n<li>Chuck hidr\u00e1ulico.<\/li>\n<li>Contrapunto hidr\u00e1ulico.<\/li>\n<li>Luneta fija.<\/li>\n<li>Torreta de cambio r\u00e1pido.<\/li>\n<li>Torreta autom\u00e1tica de 4 posiciones.<\/li>\n<li>Punto giratorio Royal.<\/li>\n<\/ul>\n<\/td>\n<\/tr>\n<\/tbody>\n<\/table>\n<p>[\/vc_column_text][\/vc_tta_section][vc_tta_section title=&#8221;Descargas&#8221; tab_id=&#8221;1593800510404-4c43d5a3-f503&#8243;][vc_column_text]<img loading=\"lazy\" class=\"middle size-thumbnail wp-image-6210\" src=\"http:\/\/www.dhm-maquinaria.com\/wp-content\/uploads\/2020\/05\/icono-PDF-150x150.png\" alt=\"\" width=\"34px\" height=\"34px\" srcset=\"https:\/\/www.dhm-maquinaria.com\/wp-content\/uploads\/2020\/05\/icono-PDF-150x150.png 150w, https:\/\/www.dhm-maquinaria.com\/wp-content\/uploads\/2020\/05\/icono-PDF-300x300.png 300w, https:\/\/www.dhm-maquinaria.com\/wp-content\/uploads\/2020\/05\/icono-PDF-100x100.png 100w, https:\/\/www.dhm-maquinaria.com\/wp-content\/uploads\/2020\/05\/icono-PDF-450x450.png 450w, https:\/\/www.dhm-maquinaria.com\/wp-content\/uploads\/2020\/05\/icono-PDF-243x243.png 243w, https:\/\/www.dhm-maquinaria.com\/wp-content\/uploads\/2020\/05\/icono-PDF-102x102.png 102w, https:\/\/www.dhm-maquinaria.com\/wp-content\/uploads\/2020\/05\/icono-PDF-200x200.png 200w, https:\/\/www.dhm-maquinaria.com\/wp-content\/uploads\/2020\/05\/icono-PDF.png 512w\" sizes=\"(max-width: 150px) 100vw, 150px\" \/><a href=\"http:\/\/www.dhm-maquinaria.com\/wp-content\/uploads\/2020\/07\/TORNO-CNC-DE-PRECISION-BANCA-PLANA_CSC-1840-1860.pdf\">TORNO DE PRECISI\u00d3N DE BANCADA PLANA_CSC-1840-1860<\/a>[\/vc_column_text][\/vc_tta_section][\/vc_tta_tabs][\/vc_column][\/vc_row]<\/p>\n","protected":false},"excerpt":{"rendered":"<ul>\n<li>Motor del husillo de 15 HP Fanuc.<\/li>\n<li>Control conversacional en modo manual y CNC.<\/li>\n<li>Fundicion de Meehanite.<\/li>\n<li>Gu\u00edas endurecidas por inducci\u00f3n y rectificadas de precisi\u00f3n.<\/li>\n<li>Transmisi\u00f3n con engranes de acero endurecidos y rectificados.<\/li>\n<li>Tornillos de bolas rectificados y de precisi\u00f3n.<\/li>\n<li>Rango de velocidad de 40-4000 RPM.<\/li>\n<li>Sistema de lubricaci\u00f3n autom\u00e1tica.<\/li>\n<\/ul>\n","protected":false},"featured_media":2016,"comment_status":"open","ping_status":"closed","template":"","meta":{"_mi_skip_tracking":false},"product_cat":[99,125],"product_tag":[181,172,184,170],"_links":{"self":[{"href":"https:\/\/www.dhm-maquinaria.com\/index.php\/wp-json\/wp\/v2\/product\/2015"}],"collection":[{"href":"https:\/\/www.dhm-maquinaria.com\/index.php\/wp-json\/wp\/v2\/product"}],"about":[{"href":"https:\/\/www.dhm-maquinaria.com\/index.php\/wp-json\/wp\/v2\/types\/product"}],"replies":[{"embeddable":true,"href":"https:\/\/www.dhm-maquinaria.com\/index.php\/wp-json\/wp\/v2\/comments?post=2015"}],"wp:featuredmedia":[{"embeddable":true,"href":"https:\/\/www.dhm-maquinaria.com\/index.php\/wp-json\/wp\/v2\/media\/2016"}],"wp:attachment":[{"href":"https:\/\/www.dhm-maquinaria.com\/index.php\/wp-json\/wp\/v2\/media?parent=2015"}],"wp:term":[{"taxonomy":"product_cat","embeddable":true,"href":"https:\/\/www.dhm-maquinaria.com\/index.php\/wp-json\/wp\/v2\/product_cat?post=2015"},{"taxonomy":"product_tag","embeddable":true,"href":"https:\/\/www.dhm-maquinaria.com\/index.php\/wp-json\/wp\/v2\/product_tag?post=2015"}],"curies":[{"name":"wp","href":"https:\/\/api.w.org\/{rel}","templated":true}]}}