{"id":2007,"date":"2019-10-24T09:13:33","date_gmt":"2019-10-24T15:13:33","guid":{"rendered":"http:\/\/dhmmaquinaria.ika.mx\/wordpress\/?post_type=product&#038;p=2007"},"modified":"2026-03-24T19:04:42","modified_gmt":"2026-03-25T02:04:42","slug":"torno-cnc-de-precision-bancada-plana-crl-1640","status":"publish","type":"product","link":"https:\/\/www.dhm-maquinaria.com\/index.php\/product\/torno-cnc-de-precision-bancada-plana-crl-1640\/","title":{"rendered":"Torno CNC de Precisi\u00f3n Bancada Plana CRL-1640"},"content":{"rendered":"<p>[vc_row][vc_column][vc_tta_tabs][vc_tta_section title=&#8221;Especificaciones&#8221; tab_id=&#8221;1571929060272-c967cebb-9aa7&#8243;][vc_column_text]<\/p>\n<table class=\"table table-striped\" style=\"text-align: center;\">\n<tbody>\n<tr class=\"specHeader\">\n<th style=\"font-size: 15px; color: #444444 !important; text-align: center;\">Especificaciones<\/th>\n<th style=\"text-align: center;\"><a href=\"http:\/\/www.dhm-maquinaria.com\/index.php\/product\/torno-de-precision-de-bancada-plana-csm-1440\/\">CSM-1440<\/a><\/th>\n<th class=\"currentcol0\" style=\"color: #ffffff; background: #757575; text-align: center;\">CRL-1640<\/th>\n<th style=\"text-align: center;\"><a href=\"http:\/\/www.dhm-maquinaria.com\/index.php\/product\/torno-de-precision-de-bancada-plana-csc-1840-1860\/\">CSC-1840\/1860<\/a><\/th>\n<\/tr>\n<tr>\n<td style=\"font-style: italic; text-align: center;\">Volteo Sobre la Bancada:<\/td>\n<td class=\"0\">14\u201d<\/td>\n<td class=\"currentcol0\" style=\"color: #ffffff; background: #757575;\">16&#8243;<\/td>\n<td class=\"0\">18\u201d<\/td>\n<\/tr>\n<tr>\n<td style=\"font-style: italic; text-align: center;\">Volteo Sobre el Carro:<\/td>\n<td class=\"1\">7.48\u201d (190 mm)<\/td>\n<td class=\"currentcol1\" style=\"color: #ffffff; background: #757575;\">8.6\u201d<\/td>\n<td class=\"1\">10\u201d<\/td>\n<\/tr>\n<tr>\n<td style=\"font-style: italic; text-align: center;\">Distancia entre Centros:<\/td>\n<td class=\"0\">40\u201d<\/td>\n<td class=\"currentcol0\" style=\"color: #ffffff; background: #757575;\">35\u201d<\/td>\n<td class=\"0\">38\u201d \/ 57\u201d<\/td>\n<\/tr>\n<tr>\n<td style=\"font-style: italic; text-align: center;\">Ancho de Cama:<\/td>\n<td class=\"1\">8.1\u201d<\/td>\n<td class=\"currentcol1\" style=\"color: #ffffff; background: #757575;\">10.23\u201d<\/td>\n<td class=\"1\">12\u201d<\/td>\n<\/tr>\n<tr>\n<td style=\"font-style: italic; text-align: center;\">Nariz del Husillo:<\/td>\n<td class=\"0\">Camlock D1-4 (Opc.. ASA A1-4)<\/td>\n<td class=\"currentcol0\" style=\"color: #ffffff; background: #757575;\">ASA A2-5<\/td>\n<td class=\"0\">ASA A2-6\u201d<\/td>\n<\/tr>\n<tr>\n<td style=\"font-style: italic; text-align: center;\">Paso de Barra:<\/td>\n<td class=\"1\">1.5\u201d<\/td>\n<td class=\"currentcol1\" style=\"color: #ffffff; background: #757575;\">2\u201d<\/td>\n<td class=\"1\">2.56\u201d<\/td>\n<\/tr>\n<tr>\n<td style=\"font-style: italic; text-align: center;\">Cono de Husillo:<\/td>\n<td class=\"0\">MT #5<\/td>\n<td class=\"currentcol0\" style=\"color: #ffffff; background: #757575;\">1\/19.18<\/td>\n<td class=\"0\">MT #6 with sleeve<\/td>\n<\/tr>\n<tr>\n<td style=\"font-style: italic; text-align: center;\">Rango de Velocidades:<\/td>\n<td class=\"1\">50-2500 RPM<\/td>\n<td class=\"currentcol1\" style=\"color: #ffffff; background: #757575;\">25-3000 RPM<\/td>\n<td class=\"1\">40-4000 RPM<\/td>\n<\/tr>\n<tr>\n<td style=\"font-style: italic; text-align: center;\">Viaje Longitudinal (Eje -Z):<\/td>\n<td class=\"0\">33\u201d<\/td>\n<td class=\"currentcol0\" style=\"color: #ffffff; background: #757575;\">34\u201d or 28\u201d (w\/ 8 position turret option)<\/td>\n<td class=\"0\">33.5\u201d\/53\u201d<\/td>\n<\/tr>\n<tr>\n<td style=\"font-style: italic; text-align: center;\">Viaje transversal (Eje -X):<\/td>\n<td class=\"1\">8\u201d<\/td>\n<td class=\"currentcol1\" style=\"color: #ffffff; background: #757575;\">8.5\u201d or 7\u201d (w\/ 8 position turret option)<\/td>\n<td class=\"1\">9.05\u201d<\/td>\n<\/tr>\n<tr>\n<td style=\"font-style: italic; text-align: center;\">Di\u00e1metro Tornillo Sinfin (Eje -Z):<\/td>\n<td class=\"0\">1.259\u201d .5 mm paso<\/td>\n<td class=\"currentcol0\" style=\"color: #ffffff; background: #757575;\">1.259\u201d, 10 mm pitch<\/td>\n<td class=\"0\">1-5\/16\u201d, 10mm pitch<\/td>\n<\/tr>\n<tr>\n<td style=\"font-style: italic; text-align: center;\">Di\u00e1metro Tornillo Sinfin (Eje -Y):<\/td>\n<td class=\"1\">0.98\u201d .5 mm paso<\/td>\n<td class=\"currentcol1\" style=\"color: #ffffff; background: #757575;\">0.787\u201d, 5 mm pitch<\/td>\n<td class=\"1\">0.787\u201d, 5mm pitch<\/td>\n<\/tr>\n<tr>\n<td style=\"font-style: italic; text-align: center;\">Movimiento R\u00e1pido Transversal (Eje -Z):<\/td>\n<td class=\"0\">236\u201d\/min<\/td>\n<td class=\"currentcol0\" style=\"color: #ffffff; background: #757575;\">393\u201d\/min<\/td>\n<td class=\"0\">393\u201d\/min<\/td>\n<\/tr>\n<tr>\n<td style=\"font-style: italic;\">Movimiento R\u00e1pido Transversal (Eje -Y):<\/td>\n<td class=\"0\">236\u201d\/min<\/td>\n<td class=\"currentcol0\" style=\"color: #ffffff; background: #757575;\">295\u201d\/min<\/td>\n<td class=\"0\">295\u201d\/min<\/td>\n<\/tr>\n<tr>\n<td style=\"font-style: italic; text-align: center;\">Di\u00e1metro del Contrapunto:<\/td>\n<td class=\"0\">1-3\/4\u201d<\/td>\n<td class=\"currentcol0\" style=\"color: #ffffff; background: #757575;\">2.283\u201d<\/td>\n<td class=\"0\">2.677\u201d<\/td>\n<\/tr>\n<tr>\n<td style=\"font-style: italic; text-align: center;\">Viaje del Contrapunto:<\/td>\n<td class=\"0\">4-3\/4\u201d<\/td>\n<td class=\"currentcol0\" style=\"color: #ffffff; background: #757575;\">5.5\u201d<\/td>\n<td class=\"0\">6\u201d<\/td>\n<\/tr>\n<tr>\n<td style=\"font-style: italic; text-align: center;\">Cono del Contrapunto:<\/td>\n<td class=\"0\">MT #3<\/td>\n<td class=\"currentcol0\" style=\"color: #ffffff; background: #757575;\">MT #4<\/td>\n<td class=\"0\">MT #4<\/td>\n<\/tr>\n<tr>\n<td style=\"font-style: italic; text-align: center;\">Motor Principal:<\/td>\n<td class=\"0\">7.5 HP<\/td>\n<td class=\"currentcol0\" style=\"color: #ffffff; background: #757575;\">10 HP<\/td>\n<td class=\"0\">15 HP<\/td>\n<\/tr>\n<tr>\n<td style=\"font-style: italic; text-align: center;\">Servo Motor AC (Eje -Z)<\/td>\n<td class=\"0\">1.1 HP<\/td>\n<td class=\"currentcol0\" style=\"color: #ffffff; background: #757575;\">1.6 HP<\/td>\n<td class=\"0\">1.3 HP<\/td>\n<\/tr>\n<tr>\n<td style=\"font-style: italic;\">Servo Motor AC (Eje -X):<\/td>\n<td class=\"0\">1.1 HP<\/td>\n<td class=\"currentcol0\" style=\"color: #ffffff; background: #757575;\">1 HP<\/td>\n<td class=\"0\">1.3 HP<\/td>\n<\/tr>\n<tr>\n<td style=\"font-style: italic; text-align: center;\">Peso Neto:<\/td>\n<td class=\"0\">2530 lbs \/ 1150 kg<\/td>\n<td class=\"currentcol0\" style=\"color: #ffffff; background: #757575;\">4730 LBS<\/td>\n<td class=\"0\">5170\/5720 LBS<\/td>\n<\/tr>\n<tr>\n<td style=\"font-style: italic; text-align: center;\">Peso Bruto:<\/td>\n<td class=\"0\">2750 lbs \/ 1250 kg<\/td>\n<td class=\"currentcol0\" style=\"color: #ffffff; background: #757575;\">&#8212;&#8211;<\/td>\n<td class=\"0\">6270\/6820 LBS<\/td>\n<\/tr>\n<tr>\n<td style=\"font-style: italic;\">Dimensi\u00f3n del Embarque:<\/td>\n<td class=\"0\">100\u201d x 65\u201d x 79\u201d \/ 2.54 x 1.65 x 2.00 mts<\/td>\n<td class=\"currentcol0\" style=\"color: #ffffff; background: #757575;\">&#8212;&#8211;<\/td>\n<td class=\"0\">&#8212;-<\/td>\n<\/tr>\n<\/tbody>\n<\/table>\n<p>[\/vc_column_text][\/vc_tta_section][vc_tta_section title=&#8221;Accesorios Opc.&#8221; tab_id=&#8221;1571929060284-a863e161-aa80&#8243;][vc_column_text]<\/p>\n<table>\n<tbody>\n<tr>\n<td>\n<h3>Accesorios Estandar<\/h3>\n<ul>\n<li>Control Fagor 8055i CNC<\/li>\n<li>Motor del husillo Fagor servo AC<\/li>\n<li>Unidad de lubricaci\u00f3n autom\u00e1tica<\/li>\n<li>Sistema de refrigeraci\u00f3n<\/li>\n<\/ul>\n<\/td>\n<td>\n<h3>Accesorios Opcionales<\/h3>\n<ul>\n<li>Chuck universal de 3 mordazas<\/li>\n<li>Chuck independiente de 4 mordazas<\/li>\n<li>Plato adaptador.<\/li>\n<li>Chuck hidr\u00e1ulico.<\/li>\n<li>Contrapunto hidr\u00e1ulico.<\/li>\n<li>Luneta fija.<\/li>\n<li>Torreta de cambio r\u00e1pido.<\/li>\n<li>Torreta autom\u00e1tica de 4 posiciones.<\/li>\n<li>Punto giratorio Royal.<\/li>\n<\/ul>\n<\/td>\n<\/tr>\n<\/tbody>\n<\/table>\n<p>[\/vc_column_text][\/vc_tta_section][vc_tta_section title=&#8221;Descargas&#8221; tab_id=&#8221;1593801028358-f899bd61-b7d9&#8243;][vc_column_text]<img loading=\"lazy\" class=\"middle size-thumbnail wp-image-6210\" src=\"http:\/\/www.dhm-maquinaria.com\/wp-content\/uploads\/2020\/05\/icono-PDF-150x150.png\" alt=\"\" width=\"34px\" height=\"34px\" srcset=\"https:\/\/www.dhm-maquinaria.com\/wp-content\/uploads\/2020\/05\/icono-PDF-150x150.png 150w, https:\/\/www.dhm-maquinaria.com\/wp-content\/uploads\/2020\/05\/icono-PDF-300x300.png 300w, https:\/\/www.dhm-maquinaria.com\/wp-content\/uploads\/2020\/05\/icono-PDF-100x100.png 100w, https:\/\/www.dhm-maquinaria.com\/wp-content\/uploads\/2020\/05\/icono-PDF-450x450.png 450w, https:\/\/www.dhm-maquinaria.com\/wp-content\/uploads\/2020\/05\/icono-PDF-243x243.png 243w, https:\/\/www.dhm-maquinaria.com\/wp-content\/uploads\/2020\/05\/icono-PDF-102x102.png 102w, https:\/\/www.dhm-maquinaria.com\/wp-content\/uploads\/2020\/05\/icono-PDF-200x200.png 200w, https:\/\/www.dhm-maquinaria.com\/wp-content\/uploads\/2020\/05\/icono-PDF.png 512w\" sizes=\"(max-width: 150px) 100vw, 150px\" \/><a href=\"http:\/\/www.dhm-maquinaria.com\/wp-content\/uploads\/2020\/07\/TORNO-CNC-DE-PRECISION-BANCADA-PLANA_CRL-1640-CNC-Fanuc.pdf\">TORNO CNC DE PRECISI\u00d3N BANCADA PLANA_CRL-1640<\/a>[\/vc_column_text][\/vc_tta_section][\/vc_tta_tabs][\/vc_column][\/vc_row]<\/p>\n","protected":false},"excerpt":{"rendered":"<ul>\n<li>Motor del husillo de 10 HP Fagor.<\/li>\n<li>Control conversacional en modo manual y CNC.<\/li>\n<li>Fundicion de Meehanite.<\/li>\n<li>Gu\u00edas endurecidas por inducci\u00f3n y rectificadas de precisi\u00f3n.<\/li>\n<li>Transmisi\u00f3n con engranes de acero endurecidos y rectificados.<\/li>\n<li>Tornillos de bolas rectificados y de precisi\u00f3n.<\/li>\n<li>Rango de velocidad de 25-3000 RPM.<\/li>\n<li>Sistema de lubricaci\u00f3n autom\u00e1tica.<\/li>\n<\/ul>\n","protected":false},"featured_media":2009,"comment_status":"open","ping_status":"closed","template":"","meta":{"_mi_skip_tracking":false},"product_cat":[99,125],"product_tag":[181,172,182,170],"_links":{"self":[{"href":"https:\/\/www.dhm-maquinaria.com\/index.php\/wp-json\/wp\/v2\/product\/2007"}],"collection":[{"href":"https:\/\/www.dhm-maquinaria.com\/index.php\/wp-json\/wp\/v2\/product"}],"about":[{"href":"https:\/\/www.dhm-maquinaria.com\/index.php\/wp-json\/wp\/v2\/types\/product"}],"replies":[{"embeddable":true,"href":"https:\/\/www.dhm-maquinaria.com\/index.php\/wp-json\/wp\/v2\/comments?post=2007"}],"wp:featuredmedia":[{"embeddable":true,"href":"https:\/\/www.dhm-maquinaria.com\/index.php\/wp-json\/wp\/v2\/media\/2009"}],"wp:attachment":[{"href":"https:\/\/www.dhm-maquinaria.com\/index.php\/wp-json\/wp\/v2\/media?parent=2007"}],"wp:term":[{"taxonomy":"product_cat","embeddable":true,"href":"https:\/\/www.dhm-maquinaria.com\/index.php\/wp-json\/wp\/v2\/product_cat?post=2007"},{"taxonomy":"product_tag","embeddable":true,"href":"https:\/\/www.dhm-maquinaria.com\/index.php\/wp-json\/wp\/v2\/product_tag?post=2007"}],"curies":[{"name":"wp","href":"https:\/\/api.w.org\/{rel}","templated":true}]}}