{"id":2001,"date":"2019-10-24T07:29:55","date_gmt":"2019-10-24T13:29:55","guid":{"rendered":"http:\/\/dhmmaquinaria.ika.mx\/wordpress\/?post_type=product&#038;p=2001"},"modified":"2020-07-03T13:13:32","modified_gmt":"2020-07-03T19:13:32","slug":"torno-de-precision-de-banca-inclinada-klm-200y","status":"publish","type":"product","link":"https:\/\/www.dhm-maquinaria.com\/index.php\/product\/torno-de-precision-de-banca-inclinada-klm-200y\/","title":{"rendered":"Torno de Precisi\u00f3n de Banca Inclinada KLM-200SY"},"content":{"rendered":"<p>[vc_row][vc_column][vc_tta_tabs][vc_tta_section title=&#8221;Especificaciones&#8221; tab_id=&#8221;1571923648621-ca5de4c5-ccfa&#8221;][vc_column_text]<\/p>\n<div id=\"mysp\" class=\"table-responsive\">\n<p>&nbsp;<\/p>\n<table class=\"table table-striped\" style=\"text-align: center;\">\n<tbody>\n<tr>\n<td class=\"\"><strong>Especificaciones<\/strong><\/td>\n<td class=\"0\" style=\"color: #ffffff; background: #757575;\"><strong>KLM-200Y<\/strong><\/td>\n<th style=\"font-size: 15px; text-align: center;\"><a href=\"http:\/\/www.dhm-maquinaria.com\/index.php\/product\/torno-de-precision-de-banca-inclinada-klm-300y\/\">KLM-300Y<\/a><\/th>\n<\/tr>\n<tr>\n<td class=\"\">Tipo de control<\/td>\n<td class=\"0\" style=\"color: #ffffff; background: #757575;\">Fanuc 0i-TF<\/td>\n<td class=\"\">Fanuc 0i-TF<\/td>\n<\/tr>\n<tr>\n<td class=\"\" style=\"text-align: center;\">Volteo sobre la bancada<\/td>\n<td class=\"0\" style=\"color: #ffffff; background: #757575;\">600 mm<\/td>\n<td class=\"\">910 mm<\/td>\n<\/tr>\n<tr>\n<td class=\"\">Diametro max. de corte (Torreta de 12 pos)<\/td>\n<td class=\"0\" style=\"color: #ffffff; background: #757575;\">200 mm (7.87&#8243;)<\/td>\n<td class=\"\">428 mm (16.8\u201d)<\/td>\n<\/tr>\n<tr>\n<td class=\"\">Longitud maxima de corte<\/td>\n<td class=\"0\" style=\"color: #ffffff; background: #757575;\">440 mm (17.3\u201d)<\/td>\n<td class=\"\">610 mm (24.0\u201d)<\/td>\n<\/tr>\n<tr>\n<td class=\"\">Nariz o montaje del husillo<\/td>\n<td class=\"0\" style=\"color: #ffffff; background: #757575;\">A2-6<\/td>\n<td class=\"\">A2-8<\/td>\n<\/tr>\n<tr>\n<td class=\"\">Diametro del chuck hidr\u00e1ulico<\/td>\n<td class=\"0\" style=\"color: #ffffff; background: #757575;\">8&#8243;<\/td>\n<td class=\"\">10\u201d<\/td>\n<\/tr>\n<tr>\n<td class=\"\">Velocidad del husillo<\/td>\n<td class=\"0\" style=\"color: #ffffff; background: #757575;\">4500 rpm<\/td>\n<td class=\"\">3500 rpm<\/td>\n<\/tr>\n<tr>\n<td class=\"\">Motor del Husillo<\/td>\n<td class=\"0\" style=\"color: #ffffff; background: #757575;\">15 kW<\/td>\n<td class=\"\">18.5 kW<\/td>\n<\/tr>\n<tr>\n<td class=\"\">Paso de barra<\/td>\n<td class=\"0\" style=\"color: #ffffff; background: #757575;\">52 mm<\/td>\n<td class=\"\">75 mm<\/td>\n<\/tr>\n<tr>\n<td class=\"\">Viaje del eje \u2013 Z<\/td>\n<td class=\"0\" style=\"color: #ffffff; background: #757575;\">600 mm<\/td>\n<td class=\"\">750 mm<\/td>\n<\/tr>\n<tr>\n<td class=\"\">Viaje del eje \u2013 Y<\/td>\n<td class=\"0\" style=\"color: #ffffff; background: #757575;\">+\/- 50 mm<\/td>\n<td class=\"\">+\/- 50 mm<\/td>\n<\/tr>\n<tr>\n<td class=\"\">Viaje del eje \u2013 X<\/td>\n<td class=\"0\" style=\"color: #ffffff; background: #757575;\">220 mm<\/td>\n<td class=\"\">275 mm<\/td>\n<\/tr>\n<tr>\n<td class=\"\">Movimiento rapido del eje \u2013 Z<\/td>\n<td class=\"0\" style=\"color: #ffffff; background: #757575;\">20 m\/min<\/td>\n<td class=\"\">24 m\/min<\/td>\n<\/tr>\n<tr>\n<td class=\"\">Movimiento rapido del eje \u2013 Y<\/td>\n<td class=\"0\" style=\"color: #ffffff; background: #757575;\">10 m\/min<\/td>\n<td class=\"\">10 m\/min<\/td>\n<\/tr>\n<tr>\n<td class=\"\">Movimiento rapido del eje \u2013 X<\/td>\n<td class=\"0\" style=\"color: #ffffff; background: #757575;\">20 m\/min<\/td>\n<td class=\"\">20 m\/min<\/td>\n<\/tr>\n<tr>\n<td class=\"\">Turret driven type<\/td>\n<td class=\"0\" style=\"color: #ffffff; background: #757575;\">Servo-mec\u00e1nico<\/td>\n<td class=\"\">Servo-mec\u00e1nico<\/td>\n<\/tr>\n<tr>\n<td class=\"\">Numero de estaciones p\/herramienta<\/td>\n<td class=\"0\" style=\"color: #ffffff; background: #757575;\">12<\/td>\n<td class=\"\">12<\/td>\n<\/tr>\n<tr>\n<td class=\"\">Zanco de herramienta cuadrada<\/td>\n<td class=\"0\" style=\"color: #ffffff; background: #757575;\">20 mm<\/td>\n<td class=\"\">25 mm<\/td>\n<\/tr>\n<tr>\n<td class=\"\">Zanco de herramienta redonda<\/td>\n<td class=\"0\" style=\"color: #ffffff; background: #757575;\">32 mm<\/td>\n<td class=\"\">40 mm<\/td>\n<\/tr>\n<tr>\n<td class=\"\">Viaje del contrapunto<\/td>\n<td class=\"0\" style=\"color: #ffffff; background: #757575;\">545 mm<\/td>\n<td class=\"\">540 mm<\/td>\n<\/tr>\n<tr>\n<td class=\"\">Viaje de la ca\u00f1a del contrapunto<\/td>\n<td class=\"0\" style=\"color: #ffffff; background: #757575;\">80 mm<\/td>\n<td class=\"\">120 mm<\/td>\n<\/tr>\n<tr>\n<td class=\"\">Di\u00e1metro del contrapunto<\/td>\n<td class=\"0\" style=\"color: #ffffff; background: #757575;\">75 mm (2.95\u201d)<\/td>\n<td class=\"\">85 mm (3.34\u201d)<\/td>\n<\/tr>\n<tr>\n<td class=\"\">Cono del contrapunto<\/td>\n<td class=\"0\" style=\"color: #ffffff; background: #757575;\">MT-4<\/td>\n<td class=\"\">MT-5<\/td>\n<\/tr>\n<tr>\n<td class=\"\">Accionamiento de la ca\u00f1a<\/td>\n<td class=\"0\" style=\"color: #ffffff; background: #757575;\">Hidr\u00e1ulico<\/td>\n<td class=\"\">Hidr\u00e1ulico<\/td>\n<\/tr>\n<tr>\n<td class=\"\">Posicionamiento del contrapunto<\/td>\n<td class=\"0\" style=\"color: #ffffff; background: #757575;\">Programable<\/td>\n<td class=\"\">Programable<\/td>\n<\/tr>\n<tr>\n<td class=\"\">Dimensi\u00f3n<\/td>\n<td class=\"0\" style=\"color: #ffffff; background: #757575;\">3.2 x 1.6 x 1.9 m<\/td>\n<td class=\"\">3.2 x 2.0 x 2.1 m<\/td>\n<\/tr>\n<tr>\n<td class=\"\">Peso<\/td>\n<td class=\"0\" style=\"color: #ffffff; background: #757575;\">4500 kg<\/td>\n<td class=\"\">6000 kg<\/td>\n<\/tr>\n<\/tbody>\n<\/table>\n<p>&nbsp;<\/p>\n<\/div>\n<p>[\/vc_column_text][\/vc_tta_section][vc_tta_section title=&#8221;Accesorios&#8221; tab_id=&#8221;1571923902231-01db4c1e-8752&#8243;][vc_column_text]<strong><u>EQUIPO Y ACCESORIOS ESTANDAR:<\/u><\/strong><\/p>\n<ul>\n<li>Control Fanuc 0i-TF CNC de pantalla LCD de 8.4\u201d<\/li>\n<li>Motor del husillo de alto torque Fanuc i-Series y motor en los ejes con drive digital.<\/li>\n<li>Encoders absolutos Fanuc \u2013 Arranque de los ejes en &#8220;casa&#8221; y secuencia no requerida.<\/li>\n<li>Sistema de automedici\u00f3n Fanuc ejes X y Z.<\/li>\n<li>Funci\u00f3n de salto de alta velocidad Fanuc Macro-B.<\/li>\n<li>Puertos Fanuc USB, PCMCIA, Ethernet y RS-232.<\/li>\n<li>Gu\u00eda manual Fanuc 0i \u2013 asistente programable computarizado.<\/li>\n<li>400 programas registrados y 640M de memoria en programa Fanuc<\/li>\n<li>Panel de control rotativo.<\/li>\n<li>Extractores de calor para el gabinete el\u00e9ctrico.<\/li>\n<li>Unidad hidr\u00e1ulica de poder.<\/li>\n<li>Sistema de refrigeraci\u00f3n (4 bar).<\/li>\n<li>Chip conveyor tipo cadena y bandeja de rebaba.<\/li>\n<li>Maquina y ejes totalmente cubiertos.<\/li>\n<li>Sistema de lubricaci\u00f3n autom\u00e1tico.<\/li>\n<li>Luz indicadora de estado de 3 colores.<\/li>\n<li>Servo torreta de alta precisi\u00f3n para uso rudo de 12 estaciones.<\/li>\n<li>Contrapunto y ca\u00f1a programable.<\/li>\n<li>Set de mordazas suaves (3) y duras (1).<\/li>\n<li>Gu\u00edas cuadradas endurecidas por inducci\u00f3n y rectificadas de precisi\u00f3n.<\/li>\n<li>Bancada inclinada de una sola pieza en fundici\u00f3n Meehanite\u00ae a 45\u00b0 .<\/li>\n<li>Tornillos de bola de alta precisi\u00f3n grado C-3.<\/li>\n<li>Set de porta herramientas p\/ exterior de 3\/4 (2 sets)<\/li>\n<li>Tortuga p\/ Boring bar de 1-1\/4&#8243; (3 pzs).<\/li>\n<li>Reductores de 1-1\/4&#8243; a\u00a0 1\/4, 5\/16, 3\/8, 1\/2, 5\/8, 3\/4 y 1&#8243;<\/li>\n<li>Manual de operaci\u00f3n y mantenimiento.<\/li>\n<\/ul>\n<p>[\/vc_column_text][\/vc_tta_section][vc_tta_section title=&#8221;Descargas&#8221; tab_id=&#8221;1593803530749-5e2426e7-cbd7&#8243;][vc_column_text]<img loading=\"lazy\" class=\"middle size-thumbnail wp-image-6210\" src=\"http:\/\/www.dhm-maquinaria.com\/wp-content\/uploads\/2020\/05\/icono-PDF-150x150.png\" alt=\"\" width=\"34px\" height=\"34px\" srcset=\"https:\/\/www.dhm-maquinaria.com\/wp-content\/uploads\/2020\/05\/icono-PDF-150x150.png 150w, https:\/\/www.dhm-maquinaria.com\/wp-content\/uploads\/2020\/05\/icono-PDF-300x300.png 300w, https:\/\/www.dhm-maquinaria.com\/wp-content\/uploads\/2020\/05\/icono-PDF-100x100.png 100w, https:\/\/www.dhm-maquinaria.com\/wp-content\/uploads\/2020\/05\/icono-PDF-450x450.png 450w, https:\/\/www.dhm-maquinaria.com\/wp-content\/uploads\/2020\/05\/icono-PDF-243x243.png 243w, https:\/\/www.dhm-maquinaria.com\/wp-content\/uploads\/2020\/05\/icono-PDF-102x102.png 102w, https:\/\/www.dhm-maquinaria.com\/wp-content\/uploads\/2020\/05\/icono-PDF-200x200.png 200w, https:\/\/www.dhm-maquinaria.com\/wp-content\/uploads\/2020\/05\/icono-PDF.png 512w\" sizes=\"(max-width: 150px) 100vw, 150px\" \/><a href=\"http:\/\/www.dhm-maquinaria.com\/wp-content\/uploads\/2020\/07\/TORNO-DE-PRECISION-DE-BANCADA-INCLINADA_KLM-200SY.pdf\">TORNO DE PRECISI\u00d3N DE BANCA INCLINADA_KLM-200SY<\/a>[\/vc_column_text][\/vc_tta_section][\/vc_tta_tabs][\/vc_column][\/vc_row]<\/p>\n","protected":false},"excerpt":{"rendered":"<ul>\n<li>Motor del husillo de alta potencia.<\/li>\n<li>Torreta de 12 posiciones de alta velocidad \/ alta precisi\u00f3n.<\/li>\n<li>Poderosa herramienta viva para maquinado en el eje Y.<\/li>\n<li>Maquina y gu\u00edas totalmente cubiertas.<\/li>\n<li>Gu\u00edas cuadradas de precisi\u00f3n endurecidas por inducci\u00f3n.<\/li>\n<li>Fundici\u00f3n de Meehanite para una mayor estabilidad y rigidez.<\/li>\n<li>Tornillos de bola grado C3 pretensionados\u00a0 para una mejor precisi\u00f3n.<\/li>\n<li>Lubricaci\u00f3n autom\u00e1tica distribuida por un piston a todos los puntos.<\/li>\n<li>Contrapunto y ca\u00f1a hidr\u00e1ulico y programable.<\/li>\n<\/ul>\n","protected":false},"featured_media":2450,"comment_status":"open","ping_status":"closed","template":"","meta":{"_mi_skip_tracking":false},"product_cat":[124],"product_tag":[],"_links":{"self":[{"href":"https:\/\/www.dhm-maquinaria.com\/index.php\/wp-json\/wp\/v2\/product\/2001"}],"collection":[{"href":"https:\/\/www.dhm-maquinaria.com\/index.php\/wp-json\/wp\/v2\/product"}],"about":[{"href":"https:\/\/www.dhm-maquinaria.com\/index.php\/wp-json\/wp\/v2\/types\/product"}],"replies":[{"embeddable":true,"href":"https:\/\/www.dhm-maquinaria.com\/index.php\/wp-json\/wp\/v2\/comments?post=2001"}],"wp:featuredmedia":[{"embeddable":true,"href":"https:\/\/www.dhm-maquinaria.com\/index.php\/wp-json\/wp\/v2\/media\/2450"}],"wp:attachment":[{"href":"https:\/\/www.dhm-maquinaria.com\/index.php\/wp-json\/wp\/v2\/media?parent=2001"}],"wp:term":[{"taxonomy":"product_cat","embeddable":true,"href":"https:\/\/www.dhm-maquinaria.com\/index.php\/wp-json\/wp\/v2\/product_cat?post=2001"},{"taxonomy":"product_tag","embeddable":true,"href":"https:\/\/www.dhm-maquinaria.com\/index.php\/wp-json\/wp\/v2\/product_tag?post=2001"}],"curies":[{"name":"wp","href":"https:\/\/api.w.org\/{rel}","templated":true}]}}