{"id":1975,"date":"2019-10-23T10:44:38","date_gmt":"2019-10-23T16:44:38","guid":{"rendered":"http:\/\/dhmmaquinaria.ika.mx\/wordpress\/?post_type=product&#038;p=1975"},"modified":"2020-07-03T13:18:31","modified_gmt":"2020-07-03T19:18:31","slug":"torno-de-precision-de-banca-inclinada-klr-200","status":"publish","type":"product","link":"https:\/\/www.dhm-maquinaria.com\/index.php\/product\/torno-de-precision-de-banca-inclinada-klr-200\/","title":{"rendered":"Torno de Precisi\u00f3n de Banca Inclinada KLR-200"},"content":{"rendered":"<p>[vc_row][vc_column][vc_tta_tabs][vc_tta_section title=&#8221;Especificaciones&#8221; tab_id=&#8221;1571848678359-5c8b3c58-785f&#8221;][vc_column_text]<\/p>\n<table border=\"0\" width=\"100%\" cellspacing=\"0\" cellpadding=\"0\">\n<tbody>\n<tr>\n<td style=\"text-align: center;\"><strong>Especificaciones<\/strong><\/td>\n<td style=\"text-align: center; color: #ffffff; background-color: #757575;\"><strong>KLR-200\/200L<\/strong><\/td>\n<td style=\"text-align: center;\"><a href=\"http:\/\/www.dhm-maquinaria.com\/index.php\/product\/torno-de-precision-de-banca-inclinada-klr-300\/\"><strong>KLR-300<\/strong><\/a><\/td>\n<\/tr>\n<tr>\n<td style=\"text-align: center;\">Tipo de control<\/td>\n<td style=\"text-align: center; color: #ffffff; background-color: #757575;\">Fanuc 0i-TF<\/td>\n<td style=\"text-align: center;\">Fanuc 0i-T<\/td>\n<\/tr>\n<tr>\n<td style=\"text-align: center;\">Volteo sobre la bancada<\/td>\n<td style=\"text-align: center; color: #ffffff; background-color: #757575;\">505 mm (19.88\u201d)<\/td>\n<td style=\"text-align: center;\">612 mm (24.1\u201d)<\/td>\n<\/tr>\n<tr>\n<td style=\"text-align: center;\">Volteo sobre la torreta<\/td>\n<td style=\"text-align: center; color: #ffffff; background-color: #757575;\">318 mm (12.52\u201d)<\/td>\n<td style=\"text-align: center;\">388 mm (15.3\u201d)<\/td>\n<\/tr>\n<tr>\n<td style=\"text-align: center;\">Diametro max. de corte (Torreta de 12 pos)<\/td>\n<td style=\"text-align: center; color: #ffffff; background-color: #757575;\">290 mm (11.41\u201d)<\/td>\n<td style=\"text-align: center;\">500 mm (19.7\u201d)<\/td>\n<\/tr>\n<tr>\n<td style=\"text-align: center;\">Longitud maxima de corte<\/td>\n<td style=\"text-align: center; color: #ffffff; background-color: #757575;\">550 \/ 980 mm (21.65\/38.58\u201d)<\/td>\n<td style=\"text-align: center;\">700 mm (27.6\u201d)<\/td>\n<\/tr>\n<tr>\n<td style=\"text-align: center;\">Angulo de la bancada inclinada (guia de caja)<\/td>\n<td style=\"text-align: center; color: #ffffff; background-color: #757575;\">45\u00b0<\/td>\n<td style=\"text-align: center;\">30\u02da<\/td>\n<\/tr>\n<tr>\n<td style=\"text-align: center;\">Nariz o montaje del husillo<\/td>\n<td style=\"text-align: center; color: #ffffff; background-color: #757575;\">A2-6<\/td>\n<td style=\"text-align: center;\">A2-8<\/td>\n<\/tr>\n<tr>\n<td style=\"text-align: center;\">Diametro del chuck hidr\u00e1ulico<\/td>\n<td style=\"text-align: center; color: #ffffff; background-color: #757575;\">8\u201d<\/td>\n<td style=\"text-align: center;\">250 mm (10\u201d)<\/td>\n<\/tr>\n<tr>\n<td style=\"text-align: center;\">Velocidad del husillo<\/td>\n<td style=\"text-align: center; color: #ffffff; background-color: #757575;\">4000 rpm<\/td>\n<td style=\"text-align: center;\">3500 rpm<\/td>\n<\/tr>\n<tr>\n<td style=\"text-align: center;\">Motor del husillo<\/td>\n<td style=\"text-align: center; color: #ffffff; background-color: #757575;\">15 kW (20 hp)<\/td>\n<td style=\"text-align: center;\">15\/18.5 Kw (20\/25 hp)<\/td>\n<\/tr>\n<tr>\n<td style=\"text-align: center;\">Paso de barra<\/td>\n<td style=\"text-align: center; color: #ffffff; background-color: #757575;\">65 mm (2.55\u201d)<\/td>\n<td style=\"text-align: center;\">75 mm (2.95\u201d)<\/td>\n<\/tr>\n<tr>\n<td style=\"text-align: center;\">Viaje del eje &#8211; Z<\/td>\n<td style=\"text-align: center; color: #ffffff; background-color: #757575;\">600 \/ 1050 mm (23.6\/41.3\u201d)<\/td>\n<td style=\"text-align: center;\">750 mm (29.5\u201d)<\/td>\n<\/tr>\n<tr>\n<td style=\"text-align: center;\">Viaje del eje &#8211; X<\/td>\n<td style=\"text-align: center; color: #ffffff; background-color: #757575;\">220 mm (8.66\u201d)<\/td>\n<td style=\"text-align: center;\">250+50 mm (9.8+1.9\u201d)<\/td>\n<\/tr>\n<tr>\n<td style=\"text-align: center;\">Movimiento rapido del eje &#8211; Z<\/td>\n<td style=\"text-align: center; color: #ffffff; background-color: #757575;\">20 m\/min (787 ipm)<\/td>\n<td style=\"text-align: center;\">24 m\/min (944 in\/min)<\/td>\n<\/tr>\n<tr>\n<td style=\"text-align: center;\">Movimiento rapido del eje &#8211; X<\/td>\n<td style=\"text-align: center; color: #ffffff; background-color: #757575;\">20 m\/min (787 ipm)<\/td>\n<td style=\"text-align: center;\">20 m\/min (787 in\/min)<\/td>\n<\/tr>\n<tr>\n<td style=\"text-align: center;\">Tipo de torreta<\/td>\n<td style=\"text-align: center; color: #ffffff; background-color: #757575;\">Hidr\u00e1ulica<\/td>\n<td style=\"text-align: center;\">Hidr\u00e1ulica<\/td>\n<\/tr>\n<tr>\n<td style=\"text-align: center;\">N\u00famero de estaciones p\/herramienta<\/td>\n<td style=\"text-align: center; color: #ffffff; background-color: #757575;\">12 (8\/10 opc.)<\/td>\n<td style=\"text-align: center;\">12<\/td>\n<\/tr>\n<tr>\n<td style=\"text-align: center;\">Zanco de herramienta cuadrada<\/td>\n<td style=\"text-align: center; color: #ffffff; background-color: #757575;\">1\u201d<\/td>\n<td style=\"text-align: center;\">25 mm or 1\u201d<\/td>\n<\/tr>\n<tr>\n<td style=\"text-align: center;\">Zanco de herramienta redonda<\/td>\n<td style=\"text-align: center; color: #ffffff; background-color: #757575;\">1.25\u201d<\/td>\n<td style=\"text-align: center;\">40 mm or 1.5\u201d<\/td>\n<\/tr>\n<tr>\n<td style=\"text-align: center;\">Viaje del contrapunto<\/td>\n<td style=\"text-align: center; color: #ffffff; background-color: #757575;\">545 \/ 1045 mm (21.4\/41.1\u201d)<\/td>\n<td style=\"text-align: center;\">540 mm (21.2\u201d)<\/td>\n<\/tr>\n<tr>\n<td style=\"text-align: center;\">Viaje de la ca\u00f1a del contrapunto<\/td>\n<td style=\"text-align: center; color: #ffffff; background-color: #757575;\">80 mm (3.1\u201d)<\/td>\n<td style=\"text-align: center;\">120 mm (4.72\u201d)<\/td>\n<\/tr>\n<tr>\n<td style=\"text-align: center;\">Diametro del contrapunto<\/td>\n<td style=\"text-align: center; color: #ffffff; background-color: #757575;\">75 mm (2.95\u201d)<\/td>\n<td style=\"text-align: center;\">85 mm (3.34\u201d)<\/td>\n<\/tr>\n<tr>\n<td style=\"text-align: center;\">Cono del contrapunto<\/td>\n<td style=\"text-align: center; color: #ffffff; background-color: #757575;\">MT-4<\/td>\n<td style=\"text-align: center;\">MT-5<\/td>\n<\/tr>\n<tr>\n<td style=\"text-align: center;\">Accionamiento de la ca\u00f1a<\/td>\n<td style=\"text-align: center; color: #ffffff; background-color: #757575;\">Hidr\u00e1ulico<\/td>\n<td style=\"text-align: center;\">Hidr\u00e1ulico<\/td>\n<\/tr>\n<tr>\n<td style=\"text-align: center;\">Posicionamiento del contrapunto<\/td>\n<td style=\"text-align: center; color: #ffffff; background-color: #757575;\">Manual<\/td>\n<td style=\"text-align: center;\">Programable<\/td>\n<\/tr>\n<tr>\n<td style=\"text-align: center;\">Largo (c\/conveyor)<\/td>\n<td style=\"text-align: center; color: #ffffff; background-color: #757575;\">2.9 \/ 3.7 m (9.51\/12.1 ft)<\/td>\n<td style=\"text-align: center;\">3.0 x 1.8 m (119\u201dx71\u201d)<\/td>\n<\/tr>\n<tr>\n<td style=\"text-align: center;\">Ancho<\/td>\n<td style=\"text-align: center; color: #ffffff; background-color: #757575;\">1.6 m (5.3 ft)<\/td>\n<td><\/td>\n<\/tr>\n<tr>\n<td style=\"text-align: center;\">Alto<\/td>\n<td style=\"text-align: center; color: #ffffff; background-color: #757575;\">1.7 m (5.6 ft)<\/td>\n<td style=\"text-align: center;\">1.8 m (71\u201d)<\/td>\n<\/tr>\n<tr>\n<td style=\"text-align: center;\">Peso<\/td>\n<td style=\"text-align: center; color: #ffffff; background-color: #757575;\">3600 kg \/ 7940 lb<\/td>\n<td style=\"text-align: center;\">5500 kg (12,130 lb)<\/td>\n<\/tr>\n<\/tbody>\n<\/table>\n<p>[\/vc_column_text][\/vc_tta_section][vc_tta_section title=&#8221;Accesorios&#8221; tab_id=&#8221;1571848678371-155992b0-1ce2&#8243;][vc_column_text]<strong><u>EQUIPO Y ACCESORIOS ESTANDAR:<\/u><\/strong><\/p>\n<ul>\n<li>Control Fanuc 0i-TF CNC de pantalla LCD de 8.4\u201d<\/li>\n<li>Motor del husillo de alto torque Fanuc i-Series y motor en los ejes con drive digital.<\/li>\n<li>Encoders absolutos Fanuc \u2013 Arranque de los ejes en \u201ccasa\u201d y secuencia no requerida.<\/li>\n<li>Sistema de automedici\u00f3n Fanuc ejes X y Z.<\/li>\n<li>Funci\u00f3n de salto de alta velocidad Fanuc Macro-B.<\/li>\n<li>Puertos Fanuc USB, PCMCIA, Ethernet y RS-232.<\/li>\n<li>Gu\u00eda manual Fanuc 0i \u2013 asistente programable computarizado.<\/li>\n<li>Registro de 400 programas y 640M de memoria en programa Fanuc<\/li>\n<li>Panel de control rotativo.<\/li>\n<li>Extractores de calor para el gabinete el\u00e9ctrico.<\/li>\n<li>Unidad hidr\u00e1ulica de poder.<\/li>\n<li>Sistema de refrigeraci\u00f3n (4 bar).<\/li>\n<li>Chip conveyor tipo cadena y bandeja de rebaba.<\/li>\n<li>Maquina y ejes totalmente cubiertos.<\/li>\n<li>Sistema de lubricaci\u00f3n autom\u00e1tico.<\/li>\n<li>Luz indicadora de estado de 3 colores.<\/li>\n<li>Servo torreta de alta precisi\u00f3n para uso rudo de 12 estaciones.<\/li>\n<li>Contrapunto y ca\u00f1a programable.<\/li>\n<li>Set de mordazas suaves (3) y duras (1).<\/li>\n<li>Gu\u00edas cuadradas endurecidas por inducci\u00f3n y rectificadas de precisi\u00f3n.<\/li>\n<li>Bancada inclinada de una sola pieza en fundici\u00f3n Meehanite\u00ae a 45\u00b0 .<\/li>\n<li>Tornillos de bola de alta precisi\u00f3n grado C-3.<\/li>\n<li>Set de porta herramientas p\/ exterior de 3\/4 (2 sets)<\/li>\n<li>Tortuga p\/ Boring bar de 1-1\/4\u2033 (3 pzs).<\/li>\n<li>Reductores de 1-1\/4\u2033 a\u00a0 1\/4, 5\/16, 3\/8, 1\/2, 5\/8, 3\/4 y 1\u2033<\/li>\n<li>Manual de operaci\u00f3n y mantenimiento.<\/li>\n<\/ul>\n<p>[\/vc_column_text][\/vc_tta_section][vc_tta_section title=&#8221;Descargas&#8221; tab_id=&#8221;1593803844485-f33f8779-f1fe&#8221;][vc_column_text]<img loading=\"lazy\" class=\"middle size-thumbnail wp-image-6210\" src=\"http:\/\/www.dhm-maquinaria.com\/wp-content\/uploads\/2020\/05\/icono-PDF-150x150.png\" alt=\"\" width=\"34px\" height=\"34px\" srcset=\"https:\/\/www.dhm-maquinaria.com\/wp-content\/uploads\/2020\/05\/icono-PDF-150x150.png 150w, https:\/\/www.dhm-maquinaria.com\/wp-content\/uploads\/2020\/05\/icono-PDF-300x300.png 300w, https:\/\/www.dhm-maquinaria.com\/wp-content\/uploads\/2020\/05\/icono-PDF-100x100.png 100w, https:\/\/www.dhm-maquinaria.com\/wp-content\/uploads\/2020\/05\/icono-PDF-450x450.png 450w, https:\/\/www.dhm-maquinaria.com\/wp-content\/uploads\/2020\/05\/icono-PDF-243x243.png 243w, https:\/\/www.dhm-maquinaria.com\/wp-content\/uploads\/2020\/05\/icono-PDF-102x102.png 102w, https:\/\/www.dhm-maquinaria.com\/wp-content\/uploads\/2020\/05\/icono-PDF-200x200.png 200w, https:\/\/www.dhm-maquinaria.com\/wp-content\/uploads\/2020\/05\/icono-PDF.png 512w\" sizes=\"(max-width: 150px) 100vw, 150px\" \/><a href=\"http:\/\/www.dhm-maquinaria.com\/wp-content\/uploads\/2020\/07\/TORNO-DE-PRECISION-DE-BANCADA-INCLINADA_KLR-200-200L.pdf\">TORNO DE PRECISI\u00d3N DE BANCA INCLINADA_KLR-200<\/a>[\/vc_column_text][\/vc_tta_section][\/vc_tta_tabs][\/vc_column][\/vc_row]<\/p>\n","protected":false},"excerpt":{"rendered":"<ul>\n<li>Chuck de hasta 15&#8243; con paso de barra de 5.15&#8243;.<\/li>\n<li>M\u00e1xima capacidad de torneado de 35.4&#8243;y longitud m\u00e1xima de 82&#8243;.<\/li>\n<li>Torreta hidr\u00e1ulica de alta velocidad \/ alta precisi\u00f3n de 12 estaciones.<\/li>\n<li>Gu\u00edas cuadradas endurecidas por inducci\u00f3n y rectificadas de precisi\u00f3n.<\/li>\n<li>Bancada inclinada de una sola pieza en fundici\u00f3n Meehanite\u00ae a 45\u00b0 .<\/li>\n<li>Tornillos de bola de alta precisi\u00f3n grado C-3.<\/li>\n<li>Lubricaci\u00f3n autom\u00e1tica distribuida por un piston a todos los puntos.<\/li>\n<li>Limpieza del husillo por aire, programable.<\/li>\n<\/ul>\n","protected":false},"featured_media":1976,"comment_status":"open","ping_status":"closed","template":"","meta":{"_mi_skip_tracking":false},"product_cat":[99,124],"product_tag":[174,172,173,170],"_links":{"self":[{"href":"https:\/\/www.dhm-maquinaria.com\/index.php\/wp-json\/wp\/v2\/product\/1975"}],"collection":[{"href":"https:\/\/www.dhm-maquinaria.com\/index.php\/wp-json\/wp\/v2\/product"}],"about":[{"href":"https:\/\/www.dhm-maquinaria.com\/index.php\/wp-json\/wp\/v2\/types\/product"}],"replies":[{"embeddable":true,"href":"https:\/\/www.dhm-maquinaria.com\/index.php\/wp-json\/wp\/v2\/comments?post=1975"}],"wp:featuredmedia":[{"embeddable":true,"href":"https:\/\/www.dhm-maquinaria.com\/index.php\/wp-json\/wp\/v2\/media\/1976"}],"wp:attachment":[{"href":"https:\/\/www.dhm-maquinaria.com\/index.php\/wp-json\/wp\/v2\/media?parent=1975"}],"wp:term":[{"taxonomy":"product_cat","embeddable":true,"href":"https:\/\/www.dhm-maquinaria.com\/index.php\/wp-json\/wp\/v2\/product_cat?post=1975"},{"taxonomy":"product_tag","embeddable":true,"href":"https:\/\/www.dhm-maquinaria.com\/index.php\/wp-json\/wp\/v2\/product_tag?post=1975"}],"curies":[{"name":"wp","href":"https:\/\/api.w.org\/{rel}","templated":true}]}}