{"id":1830,"date":"2019-09-30T13:35:25","date_gmt":"2019-09-30T19:35:25","guid":{"rendered":"http:\/\/dhmmaquinaria.ika.mx\/wordpress\/?post_type=product&#038;p=1830"},"modified":"2026-04-14T05:42:02","modified_gmt":"2026-04-14T11:42:02","slug":"rectificadora-susp-cilindrica-jhu-2706h-nc","status":"publish","type":"product","link":"https:\/\/www.dhm-maquinaria.com\/index.php\/product\/rectificadora-susp-cilindrica-jhu-2706h-nc\/","title":{"rendered":"Rectificadora Sup. Cilindrica JHU-2706H\/NC"},"content":{"rendered":"<p>[vc_row][vc_column][vc_tta_tabs][vc_tta_section title=&#8221;Especificaciones&#8221; tab_id=&#8221;1569871888284-706aa1af-ff52&#8243;][vc_column_text]<\/p>\n<div id=\"mysp\" class=\"table-responsive\">\n<table class=\"table table-striped\" style=\"text-align: center;\">\n<tbody>\n<tr class=\"specHeader\">\n<th style=\"font-size: 15px; text-align: left; color: #444 !important;\">Especificaciones<\/th>\n<th class=\"0\" style=\"color: #ffffff; background: #757575; text-align: center;\">JHU-2706H\/NC<\/th>\n<th style=\"font-size: 15px; text-align: center;\"><a href=\"http:\/\/www.dhm-maquinaria.com\/index.php\/product\/rectificadora-susp-cilindrica-jhu-3506h-nc\/\">JHU-3506H\/NC<\/a><\/th>\n<th style=\"font-size: 15px; text-align: center;\"><a href=\"http:\/\/www.dhm-maquinaria.com\/index.php\/product\/rectificadora-sup-cilindrica-jhu-35100h-nc\/\">JHU-35100H\/NC<\/a><\/th>\n<\/tr>\n<tr>\n<td style=\"text-align: left; font-style: italic;\">Distancia entre centros<\/td>\n<td class=\"0\" style=\"color: #ffffff; background: #757575;\">23.6&#8243;<\/td>\n<td class=\"0\">23.6&#8243;<\/td>\n<td class=\"0\">59&#8243;<\/td>\n<\/tr>\n<tr>\n<td style=\"text-align: left; font-style: italic;\">Volteo sobre la mesa<\/td>\n<td class=\"0\" style=\"color: #ffffff; background: #757575;\">10.6&#8243;<\/td>\n<td class=\"1\">13.7&#8243;<\/td>\n<td class=\"1\">13.8&#8243;<\/td>\n<\/tr>\n<tr>\n<td style=\"text-align: left; font-style: italic;\">Peso m\u00e1ximo entre centros<\/td>\n<td class=\"0\" style=\"color: #ffffff; background: #757575;\">154 LBS (70 kgs)<\/td>\n<td class=\"0\">155 LBS (70.30 kgs)<\/td>\n<td class=\"0\">286 LBS (130 kgs)<\/td>\n<\/tr>\n<tr>\n<td style=\"text-align: left; font-style: italic;\">Di\u00e1metro m\u00e1ximo entre centro<\/td>\n<td class=\"0\" style=\"color: #ffffff; background: #757575;\">\u00d8 9.8\u2033<\/td>\n<td class=\"1\">\u00d8 13\u2033<\/td>\n<td class=\"1\">\u00d8 13\u2033<\/td>\n<\/tr>\n<tr>\n<td style=\"text-align: left; font-style: italic;\">O.D x ancho x I.D.<\/td>\n<td class=\"0\" style=\"color: #ffffff; background: #757575;\">16\u2033 x 2\u2033 x 5\u2033<\/td>\n<td class=\"0\">16\u2033 x 2\u2033 x 5\u2033<\/td>\n<td class=\"0\">16\u2033 x 2\u2033 x 5\u2033<\/td>\n<\/tr>\n<tr>\n<td style=\"text-align: left; font-style: italic;\">Rango de velocidad (2 poleas) RPM<\/td>\n<td class=\"0\" style=\"color: #ffffff; background: #757575;\">1500 RPM, 1600 RPM<\/td>\n<td class=\"1\">1500 RPM, 1600 RPM<\/td>\n<td class=\"1\">1500 RPM, 1600 RPM<\/td>\n<\/tr>\n<tr>\n<td style=\"text-align: left; font-style: italic;\">\u00c1ngulo de trabajo<\/td>\n<td class=\"0\" style=\"color: #ffffff; background: #757575;\">120\u00b0<\/td>\n<td class=\"0\">120\u00b0<\/td>\n<td class=\"0\">120\u00b0<\/td>\n<\/tr>\n<tr>\n<td style=\"text-align: left; font-style: italic;\">Cono morse<\/td>\n<td class=\"0\" style=\"color: #ffffff; background: #757575;\">M.T. #4<\/td>\n<td class=\"1\">M.T. #4<\/td>\n<td class=\"1\">M.T. #4<\/td>\n<\/tr>\n<tr>\n<td style=\"text-align: left; font-style: italic;\">Velocidad del husillo (variable)<\/td>\n<td class=\"0\" style=\"color: #ffffff; background: #757575;\">11-500 RPM<\/td>\n<td class=\"1\">11-500 RPM<\/td>\n<td class=\"1\">11-500 RPM<\/td>\n<\/tr>\n<tr>\n<td style=\"text-align: left; font-style: italic;\">Cono<\/td>\n<td class=\"0\" style=\"color: #ffffff; background: #757575;\">M.T. #4<\/td>\n<td class=\"0\">M.T. #4<\/td>\n<td class=\"0\">M.T. #4<\/td>\n<\/tr>\n<tr>\n<td style=\"text-align: left; font-style: italic;\">\u00c1ngulo de trabajo<\/td>\n<td class=\"0\" style=\"color: #ffffff; background: #757575;\">-11\u00b0, +6\u00b0<\/td>\n<td class=\"1\">-11\u00b0, +6\u00b0<\/td>\n<td class=\"1\">-11\u00b0, +6\u00b0<\/td>\n<\/tr>\n<tr>\n<td style=\"text-align: left; font-style: italic;\">Velocidad de avance<\/td>\n<td class=\"0\" style=\"color: #ffffff; background: #757575;\">1.96&#8243;-157&#8243;\/min<\/td>\n<td class=\"0\">1.96&#8243;-157&#8243;\/min<\/td>\n<td class=\"0\">1.96&#8243;-157&#8243;\/min<\/td>\n<\/tr>\n<tr>\n<td style=\"text-align: left; font-style: italic;\">Movimiento autoajustable<\/td>\n<td class=\"0\" style=\"color: #ffffff; background: #757575;\">0.31&#8243;<\/td>\n<td class=\"1\">0.31&#8243;<\/td>\n<td class=\"1\">0.31&#8243;<\/td>\n<\/tr>\n<tr>\n<td style=\"text-align: left; font-style: italic;\">Avance de una vuelta en la manivela (2 pasos)<\/td>\n<td class=\"0\" style=\"color: #ffffff; background: #757575;\">0.79&#8243;<\/td>\n<td class=\"0\">0.79&#8243;<\/td>\n<td class=\"0\">0.79&#8243;<\/td>\n<\/tr>\n<tr>\n<td style=\"text-align: left; font-style: italic;\">Husillo de la piedra<\/td>\n<td class=\"0\" style=\"color: #ffffff; background: #757575;\">5 HP \/ 4 P<\/td>\n<td class=\"1\">5 HP \/ 4 P<\/td>\n<td class=\"1\">5 HP \/ 4 P<\/td>\n<\/tr>\n<tr>\n<td style=\"text-align: left; font-style: italic;\">Husillo de trabajo<\/td>\n<td class=\"0\" style=\"color: #ffffff; background: #757575;\">0.5 HP \/ 4 P<\/td>\n<td class=\"0\">0.5 HP \/ 4 P<\/td>\n<td class=\"0\">0.5 HP \/ 4 P<\/td>\n<\/tr>\n<tr>\n<td style=\"text-align: left; font-style: italic;\">Bomba hidr\u00e1ulica<\/td>\n<td class=\"0\" style=\"color: #ffffff; background: #757575;\">2 HP \/ 4P<\/td>\n<td class=\"1\">2 HP \/ 4P<\/td>\n<td class=\"1\">2 HP \/ 4P<\/td>\n<\/tr>\n<tr>\n<td style=\"text-align: left; font-style: italic;\">Bomba de lubricaci\u00f3n de la rueda<\/td>\n<td class=\"0\" style=\"color: #ffffff; background: #757575;\">1\/4 HP \/ 4 P<\/td>\n<td class=\"0\">1\/4 HP \/ 4 P<\/td>\n<td class=\"0\">1\/4 HP \/ 4 P<\/td>\n<\/tr>\n<tr>\n<td style=\"text-align: left; font-style: italic;\">Bomba del refrigerante<\/td>\n<td class=\"0\" style=\"color: #ffffff; background: #757575;\">1\/4 HP \/ 4 P<\/td>\n<td class=\"1\">1\/4 HP \/ 4 P<\/td>\n<td class=\"1\">1\/4 HP \/ 4 P<\/td>\n<\/tr>\n<tr>\n<td style=\"text-align: left; font-style: italic;\">Husillo de rectificado interno<\/td>\n<td class=\"0\" style=\"color: #ffffff; background: #757575;\">2 HP \/ 2 P<\/td>\n<td class=\"0\">2 HP \/ 2 P<\/td>\n<td class=\"0\">2 HP \/ 2 P<\/td>\n<\/tr>\n<tr>\n<td style=\"text-align: left; font-style: italic;\">Servo motor Eje-X<\/td>\n<td class=\"0\" style=\"color: #ffffff; background: #757575;\">1.3 HP<\/td>\n<td class=\"1\">1.3 HP<\/td>\n<td class=\"1\">1.3 HP<\/td>\n<\/tr>\n<tr>\n<td style=\"text-align: left; font-style: italic;\">Servo motor Eje-Y<\/td>\n<td class=\"0\" style=\"color: #ffffff; background: #757575;\">2 HP<\/td>\n<td class=\"0\">2 HP<\/td>\n<td class=\"0\">2 HP<\/td>\n<\/tr>\n<tr>\n<td style=\"text-align: left; font-style: italic;\">Tanque de lubricaci\u00f3n de la rueda<\/td>\n<td class=\"0\" style=\"color: #ffffff; background: #757575;\">5.8 Gal. (22 L)<\/td>\n<td class=\"1\">5.8 Gal. (22 L)<\/td>\n<td class=\"1\">5.8 Gal. (22 L)<\/td>\n<\/tr>\n<tr>\n<td style=\"text-align: left; font-style: italic;\">Tanque de aceite<\/td>\n<td class=\"0\" style=\"color: #ffffff; background: #757575;\">15.9 Gal. (60 L)<\/td>\n<td class=\"0\">15.9 Gal. (60 L)<\/td>\n<td class=\"0\">15.9 Gal. (60L)<\/td>\n<\/tr>\n<tr>\n<td style=\"text-align: left; font-style: italic;\">Tanque de refrigerante<\/td>\n<td class=\"0\" style=\"color: #ffffff; background: #757575;\">26.5 Gal. (100 L)<\/td>\n<td class=\"1\">26.5 Gal. (100 L)<\/td>\n<td class=\"1\">26.5 Gal. (100 L)<\/td>\n<\/tr>\n<tr>\n<td style=\"text-align: left; font-style: italic;\">Peso neto<\/td>\n<td class=\"0\" style=\"color: #ffffff; background: #757575;\">6930 lbs (3150 kgs)<\/td>\n<td class=\"0\">7370 lbs (3342 kgs)<\/td>\n<td class=\"0\">11770 lbs (5338 kgs)<\/td>\n<\/tr>\n<tr>\n<td style=\"text-align: left; font-style: italic;\">Dimensiones de empaque<\/td>\n<td class=\"0\" style=\"color: #ffffff; background: #757575;\">110&#8243; x 65&#8243; x 72&#8243;<\/td>\n<td class=\"1\">110&#8243; x 65&#8243; x 72&#8243;<\/td>\n<td class=\"1\">173&#8243; x 65&#8243; x 72&#8243;<\/td>\n<\/tr>\n<\/tbody>\n<\/table>\n<p>&nbsp;<\/p>\n<\/div>\n<p>[\/vc_column_text][\/vc_tta_section][vc_tta_section title=&#8221;Accesorios&#8221; tab_id=&#8221;1569871888303-f0424682-c979&#8243;][vc_column_text]<\/p>\n<h3>Accesorios Opcionales<\/h3>\n<ul>\n<li>Aditamento de rectificado interno<\/li>\n<li>Base para diamante<\/li>\n<li>Aderezador para piedra<\/li>\n<li>Dispositivos para \u00e1ngulos<\/li>\n<li>Dispositivos para radios<\/li>\n<li>Perro de arrastre con bloqueo de leva<\/li>\n<li>Sujetadores de trabajo<\/li>\n<li>2-3 Puntos de descanso<\/li>\n<li>Chuck de 3 mordazas ajustable<\/li>\n<li>Filtro y separador magn\u00e9tico<\/li>\n<li>Arbol y base para balanceo de piedra<\/li>\n<\/ul>\n<p>[\/vc_column_text][\/vc_tta_section][vc_tta_section title=&#8221;Descargas&#8221; tab_id=&#8221;1593798645858-9a7add21-86cb&#8221;][vc_column_text]<img loading=\"lazy\" class=\"middle size-thumbnail wp-image-6210\" src=\"http:\/\/www.dhm-maquinaria.com\/wp-content\/uploads\/2020\/05\/icono-PDF-150x150.png\" alt=\"\" width=\"34px\" height=\"34px\" srcset=\"https:\/\/www.dhm-maquinaria.com\/wp-content\/uploads\/2020\/05\/icono-PDF-150x150.png 150w, https:\/\/www.dhm-maquinaria.com\/wp-content\/uploads\/2020\/05\/icono-PDF-300x300.png 300w, https:\/\/www.dhm-maquinaria.com\/wp-content\/uploads\/2020\/05\/icono-PDF-100x100.png 100w, https:\/\/www.dhm-maquinaria.com\/wp-content\/uploads\/2020\/05\/icono-PDF-450x450.png 450w, https:\/\/www.dhm-maquinaria.com\/wp-content\/uploads\/2020\/05\/icono-PDF-243x243.png 243w, https:\/\/www.dhm-maquinaria.com\/wp-content\/uploads\/2020\/05\/icono-PDF-102x102.png 102w, https:\/\/www.dhm-maquinaria.com\/wp-content\/uploads\/2020\/05\/icono-PDF-200x200.png 200w, https:\/\/www.dhm-maquinaria.com\/wp-content\/uploads\/2020\/05\/icono-PDF.png 512w\" sizes=\"(max-width: 150px) 100vw, 150px\" \/><a href=\"http:\/\/www.dhm-maquinaria.com\/wp-content\/uploads\/2020\/07\/RECTIFICADORA-SUP.-CILINDRICA_JHU-2706.pdf\">RECTIFICADORA SUP. CILINDRICA_JHU-2706<\/a>[\/vc_column_text][\/vc_tta_section][\/vc_tta_tabs][\/vc_column][\/vc_row]<\/p>\n","protected":false},"excerpt":{"rendered":"<ul>\n<li>Husillo de super acabado, endurecido con nitrato.<\/li>\n<li>Cabezal de velocidad variable, rotativo 90\u00b0 CCW y 30\u00b0 CW<\/li>\n<li>R\u00e1pido avance y retracci\u00f3n del cabezal que permite una r\u00e1pida configuraci\u00f3n y verificaci\u00f3n de las dimensiones de rectificado.<\/li>\n<li>Avance transversal Hidr\u00e1ulico.<\/li>\n<li>Alimentaci\u00f3n manual para el modelo H; Alimentaci\u00f3n manual y autom\u00e1tica con ciclo de inmersi\u00f3n en el modelo NC.<\/li>\n<li>Sistema de lubricaci\u00f3n hidrost\u00e1tico.<\/li>\n<\/ul>\n","protected":false},"featured_media":1912,"comment_status":"open","ping_status":"closed","template":"","meta":{"_mi_skip_tracking":false},"product_cat":[97,122],"product_tag":[161,132,147,160],"_links":{"self":[{"href":"https:\/\/www.dhm-maquinaria.com\/index.php\/wp-json\/wp\/v2\/product\/1830"}],"collection":[{"href":"https:\/\/www.dhm-maquinaria.com\/index.php\/wp-json\/wp\/v2\/product"}],"about":[{"href":"https:\/\/www.dhm-maquinaria.com\/index.php\/wp-json\/wp\/v2\/types\/product"}],"replies":[{"embeddable":true,"href":"https:\/\/www.dhm-maquinaria.com\/index.php\/wp-json\/wp\/v2\/comments?post=1830"}],"wp:featuredmedia":[{"embeddable":true,"href":"https:\/\/www.dhm-maquinaria.com\/index.php\/wp-json\/wp\/v2\/media\/1912"}],"wp:attachment":[{"href":"https:\/\/www.dhm-maquinaria.com\/index.php\/wp-json\/wp\/v2\/media?parent=1830"}],"wp:term":[{"taxonomy":"product_cat","embeddable":true,"href":"https:\/\/www.dhm-maquinaria.com\/index.php\/wp-json\/wp\/v2\/product_cat?post=1830"},{"taxonomy":"product_tag","embeddable":true,"href":"https:\/\/www.dhm-maquinaria.com\/index.php\/wp-json\/wp\/v2\/product_tag?post=1830"}],"curies":[{"name":"wp","href":"https:\/\/api.w.org\/{rel}","templated":true}]}}