{"id":1691,"date":"2019-09-05T14:00:25","date_gmt":"2019-09-05T20:00:25","guid":{"rendered":"http:\/\/dhmmaquinaria.ika.mx\/wordpress\/?post_type=product&#038;p=1691"},"modified":"2026-04-14T13:07:56","modified_gmt":"2026-04-14T19:07:56","slug":"rectificadora-automatica-kent-usa-sgs-1640ahd","status":"publish","type":"product","link":"https:\/\/www.dhm-maquinaria.com\/index.php\/product\/rectificadora-automatica-kent-usa-sgs-1640ahd\/","title":{"rendered":"Rectificadora Autom\u00e1tica Kent USA SGS-1640AHD"},"content":{"rendered":"<p>[vc_row][vc_column][vc_tta_tabs][vc_tta_section title=&#8221;Especificaciones&#8221; tab_id=&#8221;1567710257444-3a6b9013-7e32&#8243;][vc_column_text]<\/p>\n<table class=\"table table-striped\" style=\"text-align: center;\">\n<tbody>\n<tr class=\"specHeader\">\n<th style=\"font-size: 15px; text-align: left; color: #444 !important;\">Especificaciones<\/th>\n<th style=\"text-align: center;\"><a href=\"http:\/\/www.dhm-maquinaria.com\/index.php\/product\/rectificadora-automatica-kent-usa-sgs-1230ahd\/\">SGS-1230AHD<\/a><\/th>\n<th class=\"currentsphead\" style=\"font-size: 15px; text-align: center; color: #fff !important; background: #757575;\">SGS-1640AHD<\/th>\n<th style=\"text-align: center;\"><a href=\"http:\/\/www.dhm-maquinaria.com\/index.php\/product\/rectificadora-automatica-kent-usa-sgs-2040ahd\/\">SGS-2040AHD<\/a><\/th>\n<\/tr>\n<tr>\n<td style=\"text-align: left; font-style: italic;\">Superficie max. de trabajo:<\/td>\n<td class=\"0\">12&#8243; x 30&#8243;<\/td>\n<td class=\"0\" style=\"color: #ffffff; background: #757575; text-align: center;\">16&#8243; x 40&#8243;<\/td>\n<td class=\"\">20\u2033 x 40\u2033<\/td>\n<\/tr>\n<tr>\n<td style=\"text-align: left; font-style: italic;\">Viaje max. longitudinal:<\/td>\n<td class=\"1\">33.1&#8243;<\/td>\n<td class=\"1\" style=\"color: #ffffff; background: #757575; text-align: center;\">43&#8243;<\/td>\n<td class=\"\">43\u2033<\/td>\n<\/tr>\n<tr>\n<td style=\"text-align: left; font-style: italic;\">Viaje max. transversal:<\/td>\n<td class=\"0\">13.5&#8243;<\/td>\n<td class=\"0\" style=\"color: #ffffff; background: #757575; text-align: center;\">17.75&#8243;<\/td>\n<td class=\"\">20.25\u2033<\/td>\n<\/tr>\n<tr>\n<td style=\"text-align: left; font-style: italic;\">Ranura en T<\/td>\n<td class=\"1\">1 x 9\/16\u201d<\/td>\n<td class=\"1\" style=\"color: #ffffff; background: #757575; text-align: center;\">1 x 9\/16\u201d<\/td>\n<td class=\"\">3 x 9\/16\u201d<\/td>\n<\/tr>\n<tr>\n<td style=\"text-align: left; font-style: italic;\">Motor del husillo:<\/td>\n<td class=\"0\">5 HP<\/td>\n<td class=\"0\" style=\"color: #ffffff; background: #757575;\">7.5 HP<\/td>\n<td class=\"\">10 HP<\/td>\n<\/tr>\n<tr>\n<td style=\"text-align: left; font-style: italic;\">Velocidad del husillo (60\/50 Hz):<\/td>\n<td class=\"1\">1750 RPM<\/td>\n<td class=\"1\" style=\"color: #ffffff; background: #757575;\">1750 RPM<\/td>\n<td class=\"\">1750 RPM<\/td>\n<\/tr>\n<tr>\n<td style=\"text-align: left; font-style: italic;\">Tama\u00f1o de Rueda (OD x ancho x ID):<\/td>\n<td class=\"0\">14&#8243; x 1-1\/4&#8243; x 5&#8243;<\/td>\n<td class=\"0\" style=\"color: #ffffff; background: #757575; text-align: center;\">14&#8243; x 1-1\/4&#8243; x 5&#8243;<\/td>\n<td class=\"\">16\u2033 x 2\u2033 x 5\u2033<\/td>\n<\/tr>\n<tr>\n<td style=\"text-align: left; font-style: italic;\">Graduaci\u00f3n de la manivela vertical:<\/td>\n<td class=\"1\">0.0005&#8243;<\/td>\n<td class=\"1\" style=\"color: #ffffff; background: #757575; text-align: center;\">0.00025&#8243;<\/td>\n<td class=\"\">0.0001\u2033<\/td>\n<\/tr>\n<tr>\n<td style=\"text-align: left; font-style: italic;\">Graduaci\u00f3n de la manivela vertical (1 vuelta):<\/td>\n<td class=\"0\">0.100&#8243;<\/td>\n<td class=\"0\" style=\"color: #ffffff; background: #757575; text-align: center;\">0.050&#8243;<\/td>\n<td class=\"\">0.020\u2033<\/td>\n<\/tr>\n<tr>\n<td style=\"text-align: left; font-style: italic;\">Incrementos autom\u00e1ticos (bajadas 10):<\/td>\n<td class=\"1\">0.0001&#8243;<\/td>\n<td class=\"1\" style=\"color: #ffffff; background: #757575;\">0.0001&#8243;<\/td>\n<td class=\"\">0.0001\u2033 10 Steps<\/td>\n<\/tr>\n<tr>\n<td style=\"text-align: left; font-style: italic;\">Dist. max del centro a la mesa:<\/td>\n<td class=\"0\">23&#8243;<\/td>\n<td class=\"0\" style=\"color: #ffffff; background: #757575;\">23&#8243;<\/td>\n<td class=\"\">23\u2033<\/td>\n<\/tr>\n<tr>\n<td style=\"text-align: left; font-style: italic;\">Peso neto:<\/td>\n<td class=\"1\">4290 lbs (1950 kgs)<\/td>\n<td class=\"1\" style=\"color: #ffffff; background: #757575;\">6260 lbs (2850 kgs)<\/td>\n<td class=\"\">11000 (4989 kgs)<\/td>\n<\/tr>\n<tr>\n<td style=\"text-align: left; font-style: italic;\">Peso bruto:<\/td>\n<td class=\"0\">4950 lbs (2250 kgs)<\/td>\n<td class=\"0\" style=\"color: #ffffff; background: #757575;\">6500 lbs 2950 kgs)<\/td>\n<td class=\"0\">11900 (5397 kgs)<\/td>\n<\/tr>\n<\/tbody>\n<\/table>\n<p>[\/vc_column_text][\/vc_tta_section][vc_tta_section title=&#8221;Accesorios Opc.&#8221; tab_id=&#8221;1567710257449-12bad733-fc1e&#8221;][vc_column_text]<\/p>\n<table width=\"100%\">\n<thead>\n<tr>\n<th style=\"text-align: center;\">Accesorios Estandar<\/th>\n<th style=\"text-align: center;\">Accesorios Opcionales<\/th>\n<\/tr>\n<\/thead>\n<tbody>\n<tr>\n<td>\n<ul>\n<li>Rueda de Rectificado<\/li>\n<li>Adaptador de Rueda<\/li>\n<li>Bace para el Balanceo de la Rueda<\/li>\n<li>Arbol para Balanceo de la Rueda<\/li>\n<li>Base para el Diamante Aderezador y Diamante<\/li>\n<li>Patas Niveladoras<\/li>\n<li>Aderezador para la piedra<\/li>\n<li>Recolector de Polvo<\/li>\n<li>Chuck Magn\u00e9tico Permanente<\/li>\n<li>L\u00e1mpara de Trabajo<\/li>\n<li>Caja de herramienta con herramienta<\/li>\n<\/ul>\n<\/td>\n<td>\n<ul>\n<li class=\"li1\"><span class=\"s2\">Lector Digital Acu-Rite<\/span><\/li>\n<li>Chuck Magn\u00e9tico de Polo Fino<\/li>\n<li>Adaptador Extra para Rueda<\/li>\n<li>Refrigerante (1 Gal, Mezcla 1:30)<\/li>\n<li>Filtro y Separador Magn\u00e9tico<\/li>\n<\/ul>\n<\/td>\n<\/tr>\n<\/tbody>\n<\/table>\n<p>[\/vc_column_text][\/vc_tta_section][vc_tta_section title=&#8221;Descargas&#8221; tab_id=&#8221;1593797724353-83c27442-8b63&#8243;][vc_column_text]<img loading=\"lazy\" class=\"middle size-thumbnail wp-image-6210\" src=\"http:\/\/www.dhm-maquinaria.com\/wp-content\/uploads\/2020\/05\/icono-PDF-150x150.png\" alt=\"\" width=\"34px\" height=\"34px\" srcset=\"https:\/\/www.dhm-maquinaria.com\/wp-content\/uploads\/2020\/05\/icono-PDF-150x150.png 150w, https:\/\/www.dhm-maquinaria.com\/wp-content\/uploads\/2020\/05\/icono-PDF-300x300.png 300w, https:\/\/www.dhm-maquinaria.com\/wp-content\/uploads\/2020\/05\/icono-PDF-100x100.png 100w, https:\/\/www.dhm-maquinaria.com\/wp-content\/uploads\/2020\/05\/icono-PDF-450x450.png 450w, https:\/\/www.dhm-maquinaria.com\/wp-content\/uploads\/2020\/05\/icono-PDF-243x243.png 243w, https:\/\/www.dhm-maquinaria.com\/wp-content\/uploads\/2020\/05\/icono-PDF-102x102.png 102w, https:\/\/www.dhm-maquinaria.com\/wp-content\/uploads\/2020\/05\/icono-PDF-200x200.png 200w, https:\/\/www.dhm-maquinaria.com\/wp-content\/uploads\/2020\/05\/icono-PDF.png 512w\" sizes=\"(max-width: 150px) 100vw, 150px\" \/><a href=\"http:\/\/www.dhm-maquinaria.com\/wp-content\/uploads\/2020\/07\/RECTIFICADORA-AUTOMATICA_SGS-1640AHD.pdf\">RECTIFICADORA AUTOMATICA_SGS-1640AHD<\/a>[\/vc_column_text][\/vc_tta_section][\/vc_tta_tabs][\/vc_column][\/vc_row]<\/p>\n","protected":false},"excerpt":{"rendered":"<ul>\n<li>Capacidad de trabajo de 16\u201dx40\u201d .<\/li>\n<li>Rectificadora autom\u00e1tica en 3 ejes con incrementos autom\u00e1ticos.<\/li>\n<li>Mesa y gu\u00edas de turcite rasqueteada a mano para un suave y prolongado performance.<\/li>\n<li>Alta columna con dise\u00f1o del centro del husillo a la mesa de\u00a0 23\u201d, mejorando el espacio de rectificado.<\/li>\n<li>Elevaci\u00f3n motorizada para un r\u00e1pido y f\u00e1cil posicionamiento de la rueda.<\/li>\n<li>Lubricaci\u00f3n autom\u00e1tica y centralizada de un solo disparo, para lubricar todos los puntos.<\/li>\n<li>Circuito seguro de 24 V.<\/li>\n<\/ul>\n","protected":false},"featured_media":1692,"comment_status":"open","ping_status":"closed","template":"","meta":{"_mi_skip_tracking":false},"product_cat":[97,119],"product_tag":[132,147,150,151,152],"_links":{"self":[{"href":"https:\/\/www.dhm-maquinaria.com\/index.php\/wp-json\/wp\/v2\/product\/1691"}],"collection":[{"href":"https:\/\/www.dhm-maquinaria.com\/index.php\/wp-json\/wp\/v2\/product"}],"about":[{"href":"https:\/\/www.dhm-maquinaria.com\/index.php\/wp-json\/wp\/v2\/types\/product"}],"replies":[{"embeddable":true,"href":"https:\/\/www.dhm-maquinaria.com\/index.php\/wp-json\/wp\/v2\/comments?post=1691"}],"wp:featuredmedia":[{"embeddable":true,"href":"https:\/\/www.dhm-maquinaria.com\/index.php\/wp-json\/wp\/v2\/media\/1692"}],"wp:attachment":[{"href":"https:\/\/www.dhm-maquinaria.com\/index.php\/wp-json\/wp\/v2\/media?parent=1691"}],"wp:term":[{"taxonomy":"product_cat","embeddable":true,"href":"https:\/\/www.dhm-maquinaria.com\/index.php\/wp-json\/wp\/v2\/product_cat?post=1691"},{"taxonomy":"product_tag","embeddable":true,"href":"https:\/\/www.dhm-maquinaria.com\/index.php\/wp-json\/wp\/v2\/product_tag?post=1691"}],"curies":[{"name":"wp","href":"https:\/\/api.w.org\/{rel}","templated":true}]}}