{"id":1598,"date":"2019-08-31T17:15:57","date_gmt":"2019-08-31T23:15:57","guid":{"rendered":"http:\/\/192.168.100.242\/wordpress\/?post_type=product&#038;p=1598"},"modified":"2026-02-08T07:59:44","modified_gmt":"2026-02-08T14:59:44","slug":"fresadora-kent-usa-ktm-5avkf","status":"publish","type":"product","link":"https:\/\/www.dhm-maquinaria.com\/index.php\/product\/fresadora-kent-usa-ktm-5avkf\/","title":{"rendered":"Fresadora Kent USA KTM-5AVKF"},"content":{"rendered":"<p>[vc_row][vc_column][vc_tta_tabs][vc_tta_section title=&#8221;Especificaciones&#8221; tab_id=&#8221;1567188394969-c1a9a88d-31b0&#8243;][vc_column_text]<\/p>\n<table class=\"table table-striped\" style=\"text-align: center;\">\n<tbody>\n<tr class=\"specHeader\">\n<th style=\"font-size: 15px; text-align: left; color: #444 !important;\">Especificaciones<\/th>\n<th style=\"font-size: 15px; text-align: center; color: #fff !important;\"><a href=\"http:\/\/www.dhm-maquinaria.com\/index.php\/product\/fresadora-kent-usa-ktm-4vkf-e\/\">KTM-4VKF-E<\/a><\/th>\n<th style=\"font-size: 15px; text-align: center;\"><a href=\"http:\/\/www.dhm-maquinaria.com\/index.php\/product\/fresadora-kent-usa-ktm-5vkf-e\/\">KTM-5VKF-E<\/a><\/th>\n<th class=\"currentsphead\" style=\"font-size: 15px; text-align: center; background: #757575; color: #ffffff;\">KTM-5AVKF<\/th>\n<\/tr>\n<tr>\n<td style=\"text-align: left; font-style: italic;\">Tama\u00f1o de la Mesa<\/td>\n<td class=\"0\">12&#8243; x 50&#8243;<\/td>\n<td class=\"0\">12&#8243; x 50&#8243;<\/td>\n<td class=\"currentcol0\" style=\"background: #757575; color: #ffffff;\">13&#8243; x 59&#8243;<\/td>\n<\/tr>\n<tr>\n<td style=\"text-align: left; font-style: italic;\">Viaje de la Mesa (eje X)<\/td>\n<td class=\"1\">33&#8243;<\/td>\n<td class=\"1\">33&#8243;<\/td>\n<td class=\"currentcol1\" style=\"background: #757575; color: #ffffff;\">39.37&#8243;<\/td>\n<\/tr>\n<tr>\n<td style=\"text-align: left; font-style: italic;\">Viaje de la Mesa (eje Y)<\/td>\n<td class=\"0\">18&#8243;<\/td>\n<td class=\"0\">18&#8243;<\/td>\n<td class=\"currentcol0\" style=\"background: #757575; color: #ffffff;\">20&#8243;<\/td>\n<\/tr>\n<tr>\n<td style=\"text-align: left; font-style: italic;\">Viaje de la Mesa (eje Z)<\/td>\n<td class=\"1\">15.25&#8243;<\/td>\n<td class=\"1\">15.5&#8243;<\/td>\n<td class=\"currentcol1\" style=\"background: #757575; color: #ffffff;\">20&#8243;<\/td>\n<\/tr>\n<tr>\n<td style=\"text-align: left; font-style: italic;\">Viaje del Husillo<\/td>\n<td class=\"0\">5.5&#8243;<\/td>\n<td class=\"0\">5.5&#8243;<\/td>\n<td class=\"currentcol0\" style=\"background: #757575; color: #ffffff;\">5.5&#8243;<\/td>\n<\/tr>\n<tr>\n<td style=\"text-align: left; font-style: italic;\">Viaje del Carnero<\/td>\n<td class=\"1\">22&#8243;<\/td>\n<td class=\"1\">26.75&#8243;<\/td>\n<td class=\"currentcol1\" style=\"background: #757575; color: #ffffff;\">21&#8243;<\/td>\n<\/tr>\n<tr>\n<td style=\"text-align: left; font-style: italic;\">Motor del Husillo<\/td>\n<td class=\"0\">3 HP<\/td>\n<td class=\"0\">5 HP<\/td>\n<td class=\"currentcol0\" style=\"background: #757575; color: #ffffff;\">5 HP<\/td>\n<\/tr>\n<tr>\n<td style=\"text-align: left; font-style: italic;\">Velocidad del Husillo<\/td>\n<td class=\"1\">60\u2013550\u20134500 RPM (60\u20136000* on HS head optional)<\/td>\n<td class=\"1\">60\u2013500\u20134200 RPM (standard variable speed model)<\/td>\n<td class=\"currentcol1\" style=\"background: #757575; color: #ffffff;\">70-4500 RPM<\/td>\n<\/tr>\n<tr>\n<td style=\"text-align: left; font-style: italic;\">Adaptador del Husillo<\/td>\n<td class=\"0\">R-8<\/td>\n<td class=\"0\">NTMB-40<\/td>\n<td class=\"currentcol0\" style=\"background: #757575; color: #ffffff;\">NTMB-40<\/td>\n<\/tr>\n<tr>\n<td style=\"text-align: left; font-style: italic;\">Diametro del Husillo<\/td>\n<td class=\"1\">3.375&#8243;<\/td>\n<td class=\"1\">4.173&#8243;<\/td>\n<td class=\"currentcol1\" style=\"background: #757575; color: #ffffff;\">&#8211;<\/td>\n<\/tr>\n<tr>\n<td style=\"text-align: left; font-style: italic;\">Avance del Husillo (Por Revoluci\u00f3n)<\/td>\n<td class=\"0\">0.0015&#8243; \/ 0.003&#8243; \/ 0.006&#8243; in\/rev<\/td>\n<td class=\"0\">0.0017&#8243; \/ 0.0032&#8243; \/ 0.0054&#8243; in\/rev<\/td>\n<td class=\"currentcol0\" style=\"background: #757575; color: #ffffff;\">&#8211;<\/td>\n<\/tr>\n<tr>\n<td style=\"text-align: left; font-style: italic;\">Capacidad de Barrenado Manual<\/td>\n<td class=\"1\">0.75&#8243; diametro<\/td>\n<td class=\"1\">1.25&#8243; diametro<\/td>\n<td class=\"currentcol1\" style=\"background: #757575; color: #ffffff;\">&#8211;<\/td>\n<\/tr>\n<tr>\n<td style=\"text-align: left; font-style: italic;\">Capacidad de Barrenado Autom\u00e1tico<\/td>\n<td class=\"1\">0.37&#8243; diametro<\/td>\n<td class=\"1\">0.625&#8243; diametro<\/td>\n<td class=\"currentcol1\" style=\"background: #757575; color: #ffffff;\">&#8211;<\/td>\n<\/tr>\n<tr>\n<td style=\"text-align: left; font-style: italic;\">Capacidad de Boreado<\/td>\n<td class=\"0\">6&#8243; diametro<\/td>\n<td class=\"0\">8&#8243; diametro<\/td>\n<td class=\"currentcol0\" style=\"background: #757575; color: #ffffff;\">&#8211;<\/td>\n<\/tr>\n<tr>\n<td style=\"text-align: left; font-style: italic;\">Capacidad de Fresado<\/td>\n<td class=\"1\">2.0 in\u00b3\/min<\/td>\n<td class=\"1\">2.5 in\u00b3\/min<\/td>\n<td class=\"currentcol1\" style=\"background: #757575; color: #ffffff;\">&#8211;<\/td>\n<\/tr>\n<tr>\n<td style=\"text-align: left; font-style: italic;\">Capacidad de Carga de la Mesa<\/td>\n<td class=\"0\">850 lbs\u00a0(390 kgs)<\/td>\n<td class=\"0\">850 lbs\u00a0(390 kgs)<\/td>\n<td class=\"currentcol0\" style=\"background: #757575; color: #ffffff;\">1200 lbs\u00a0(545 kgs)<\/td>\n<\/tr>\n<tr>\n<td style=\"text-align: left; font-style: italic;\">Columna al Centro del Husillo<\/td>\n<td class=\"1\">5&#8243; &#8211; 27&#8243;<\/td>\n<td class=\"1\">5.25&#8243; &#8211; 32&#8243;<\/td>\n<td class=\"currentcol1\" style=\"background: #757575; color: #ffffff;\">5.31&#8243; &#8211; 26.38&#8243;<\/td>\n<\/tr>\n<tr>\n<td style=\"text-align: left; font-style: italic;\">Peso Neto<\/td>\n<td class=\"0\">3400 lbs\u00a0(1550 kgs)<\/td>\n<td class=\"0\">3700 lbs (1680 kgs)<\/td>\n<td class=\"currentcol0\" style=\"background: #757575; color: #ffffff;\">6050 lbs\u00a0(2750 kgs)<\/td>\n<\/tr>\n<tr>\n<td style=\"text-align: left; font-style: italic;\">Peso Bruto<\/td>\n<td class=\"1\">3600 lbs\u00a0(1630 kgs)<\/td>\n<td class=\"1\">3700 lbs\u00a0(1680 kgs)<\/td>\n<td class=\"currentcol1\" style=\"background: #757575; color: #ffffff;\">6300 lbs (2860 kgs)<\/td>\n<\/tr>\n<tr>\n<td style=\"text-align: left; font-style: italic;\">Dimensiones del Embalaje<\/td>\n<td class=\"0\">72&#8243; x 72&#8243; (skid)<\/td>\n<td class=\"0\">72&#8243; x 72&#8243; (skid)<\/td>\n<td class=\"currentcol0\" style=\"background: #757575; color: #ffffff;\">85&#8243; x 80&#8243; (skid)<\/td>\n<\/tr>\n<tr>\n<td style=\"text-align: left; font-style: italic;\">Energ\u00eda Requerida<\/td>\n<td class=\"1\">220 volts, 3 fases, 60 Hz, 10 Amp (opcional 440v, requiere 5 Amp)<\/td>\n<td class=\"1\">220 volts, 3 fases, 60 Hz, 17 Amp (opcional 440v, requires 8.5 Amp) Puede funcionar con energ\u00eda monof\u00e1sica<\/td>\n<td class=\"currentcol1\" style=\"background: #757575; color: #ffffff;\">220 volts, 3 fases, 60 Hz, 25 Amp (opcional 440v, rquiere 12.5 Amp)<\/td>\n<\/tr>\n<\/tbody>\n<\/table>\n<p>[\/vc_column_text][\/vc_tta_section][vc_tta_section title=&#8221;Accesorios Opc.&#8221; tab_id=&#8221;1567188394981-6503f994-e4c5&#8243;][vc_column_text]<\/p>\n<ul>\n<li class=\"li1\"><span class=\"s2\">Lector digital<\/span><\/li>\n<li class=\"li1\"><span class=\"s2\">Cambiador de herramienta neum\u00e1tico\u00a0<\/span><\/li>\n<li class=\"li1\"><span class=\"s2\">Codo angular a 90 grados<\/span><\/li>\n<li class=\"li1\"><span class=\"s2\">Refrigerante (1 Gal., Mezcla 1:30)<\/span><\/li>\n<li class=\"li1\"><span class=\"s2\">Aumento (4\u2033\/6\u2033\/8\u2033)<\/span><\/li>\n<li class=\"li1\"><span class=\"s2\">Prensa de precisi\u00f3n (6\u2033\/8\u2033)<\/span><\/li>\n<li class=\"li1\"><span class=\"s2\">Mesa rotativa<\/span><\/li>\n<li class=\"li1\"><span class=\"s2\">Juego de clamps (52pc)<\/span><\/li>\n<li class=\"li1\"><span class=\"s2\">Juego de boquillas R-8\u00a0<\/span><\/li>\n<li class=\"li1\"><span class=\"s2\">Husillo NMTB-40<\/span><\/li>\n<\/ul>\n<p>[\/vc_column_text][\/vc_tta_section][vc_tta_section title=&#8221;Descargas&#8221; tab_id=&#8221;1593795621369-b5efdcc4-5191&#8243;][vc_column_text]<img loading=\"lazy\" class=\"middle size-thumbnail wp-image-6210\" src=\"http:\/\/www.dhm-maquinaria.com\/wp-content\/uploads\/2020\/05\/icono-PDF-150x150.png\" alt=\"\" width=\"34px\" height=\"34px\" srcset=\"https:\/\/www.dhm-maquinaria.com\/wp-content\/uploads\/2020\/05\/icono-PDF-150x150.png 150w, https:\/\/www.dhm-maquinaria.com\/wp-content\/uploads\/2020\/05\/icono-PDF-300x300.png 300w, https:\/\/www.dhm-maquinaria.com\/wp-content\/uploads\/2020\/05\/icono-PDF-100x100.png 100w, https:\/\/www.dhm-maquinaria.com\/wp-content\/uploads\/2020\/05\/icono-PDF-450x450.png 450w, https:\/\/www.dhm-maquinaria.com\/wp-content\/uploads\/2020\/05\/icono-PDF-243x243.png 243w, https:\/\/www.dhm-maquinaria.com\/wp-content\/uploads\/2020\/05\/icono-PDF-102x102.png 102w, https:\/\/www.dhm-maquinaria.com\/wp-content\/uploads\/2020\/05\/icono-PDF-200x200.png 200w, https:\/\/www.dhm-maquinaria.com\/wp-content\/uploads\/2020\/05\/icono-PDF.png 512w\" sizes=\"(max-width: 150px) 100vw, 150px\" \/><a href=\"http:\/\/www.dhm-maquinaria.com\/wp-content\/uploads\/2020\/07\/FRESADORA_KTM-5AVKF.pdf\">FRESADORA_KTM-5AVKF<\/a>[\/vc_column_text][\/vc_tta_section][\/vc_tta_tabs][\/vc_column][\/vc_row]<\/p>\n","protected":false},"excerpt":{"rendered":"<ul>\n<li>Mesa endurecida y rectificada 13\u201d x 59\u201d<\/li>\n<li>Gu\u00edas cuadradas endurecidas y rectificadas.<\/li>\n<li>Tornillos de bola de precisi\u00f3n y rectificados con compensaci\u00f3n de doble tuerca para el backlash con cubierta telesc\u00f3pica.<\/li>\n<li>Avance autom\u00e1tico en X y Y engranado, accionado por servo motor.<\/li>\n<li>Cabezal de boreado de precisi\u00f3n y rectificado con baleros ABEC-7.<\/li>\n<li>Fundici\u00f3n de Meehanite<sup>\u00ae<\/sup> .<\/li>\n<li>Bandeja de rebaba y sistema de refrigerante.<\/li>\n<li>Lubricaci\u00f3n autom\u00e1tica y centralizada de un solo disparo programable.<\/li>\n<\/ul>\n","protected":false},"featured_media":1599,"comment_status":"open","ping_status":"closed","template":"","meta":{"_mi_skip_tracking":false},"product_cat":[96,188],"product_tag":[134,132,138,135,136,137,139,141,140],"_links":{"self":[{"href":"https:\/\/www.dhm-maquinaria.com\/index.php\/wp-json\/wp\/v2\/product\/1598"}],"collection":[{"href":"https:\/\/www.dhm-maquinaria.com\/index.php\/wp-json\/wp\/v2\/product"}],"about":[{"href":"https:\/\/www.dhm-maquinaria.com\/index.php\/wp-json\/wp\/v2\/types\/product"}],"replies":[{"embeddable":true,"href":"https:\/\/www.dhm-maquinaria.com\/index.php\/wp-json\/wp\/v2\/comments?post=1598"}],"wp:featuredmedia":[{"embeddable":true,"href":"https:\/\/www.dhm-maquinaria.com\/index.php\/wp-json\/wp\/v2\/media\/1599"}],"wp:attachment":[{"href":"https:\/\/www.dhm-maquinaria.com\/index.php\/wp-json\/wp\/v2\/media?parent=1598"}],"wp:term":[{"taxonomy":"product_cat","embeddable":true,"href":"https:\/\/www.dhm-maquinaria.com\/index.php\/wp-json\/wp\/v2\/product_cat?post=1598"},{"taxonomy":"product_tag","embeddable":true,"href":"https:\/\/www.dhm-maquinaria.com\/index.php\/wp-json\/wp\/v2\/product_tag?post=1598"}],"curies":[{"name":"wp","href":"https:\/\/api.w.org\/{rel}","templated":true}]}}