{"id":1541,"date":"2019-08-30T17:46:38","date_gmt":"2019-08-30T23:46:38","guid":{"rendered":"http:\/\/192.168.100.242\/wordpress\/?post_type=product&#038;p=1541"},"modified":"2026-03-15T22:36:49","modified_gmt":"2026-03-16T05:36:49","slug":"erosionadora-de-penetracion-keb-808b","status":"publish","type":"product","link":"https:\/\/www.dhm-maquinaria.com\/index.php\/product\/erosionadora-de-penetracion-keb-808b\/","title":{"rendered":"Erosionadora de Penetraci\u00f3n KEB-808B"},"content":{"rendered":"<p>[vc_row][vc_column][vc_tta_tabs][vc_tta_section title=&#8221;Especificaciones&#8221; tab_id=&#8221;1567180768844-f82d2140-b48a&#8221;][vc_column_text]<\/p>\n<table class=\"table table-striped\" style=\"text-align: center;\">\n<tbody>\n<tr class=\"specHeader\">\n<th style=\"font-size: 15px; text-align: left; color: #444 !important;\">Especificaciones<\/th>\n<th style=\"font-size: 15px; text-align: center; color: #fff !important;\"><a href=\"http:\/\/www.dhm-maquinaria.com\/index.php\/product\/erosionadora-de-penetracion-606n\/\">KEB-606N<\/a><\/th>\n<th style=\"font-size: 15px; text-align: center;\"><a href=\"http:\/\/www.dhm-maquinaria.com\/index.php\/product\/erosionadora-de-penetracion-707b\/\">KEB-707B<\/a><\/th>\n<th class=\"currentsphead\" style=\"font-size: 15px; text-align: center; background: #757575;\"><span style=\"color: #ffffff;\">KEB-808B<\/span><\/th>\n<\/tr>\n<tr>\n<td style=\"text-align: left; font-style: italic;\">Deposito de trabajo<\/td>\n<td class=\"0\">43.3\u2033 x 23.6\u2033 x 15.7\u2033<\/td>\n<td class=\"0\">46.1\u2033 x 27.6\u2033 x 16.9\u2033<\/td>\n<td class=\"currentcol0\" style=\"color: #91261b; background: #757575;\"><span style=\"color: #ffffff;\">66.9\u2033 x 39.4\u2033 x 21.7\u2033<\/span><\/td>\n<\/tr>\n<tr>\n<td style=\"text-align: left; font-style: italic;\">Mesa de trabajo<\/td>\n<td class=\"1\">27.6\u2033 x 15.7\u2033<\/td>\n<td class=\"1\">31.5\u2033 x 19.7\u2033<\/td>\n<td class=\"currentcol1\" style=\"color: #91261b; background: #757575;\"><span style=\"color: #ffffff;\">43.3\u2033 x 23.6\u2033<\/span><\/td>\n<\/tr>\n<tr>\n<td style=\"text-align: left; font-style: italic;\">Viajes (X \/ Y \/ Z \/ W)<\/td>\n<td class=\"0\">15.7\u2033 \/ 11.8\u2033 \/ 7.1\u2033 \/ 9.8\u2033<\/td>\n<td class=\"0\">19.7\u2033 x \/ 15.8\u2033 \/ 7.9\u2033 \/ 11.8\u2033<\/td>\n<td class=\"currentcol0\" style=\"color: #91261b; background: #757575;\"><span style=\"color: #ffffff;\">27.6\u2033 \/ 21.7\u2033 \/ 9.8\u2033 \/11.8\u2033<\/span><\/td>\n<\/tr>\n<tr>\n<td style=\"text-align: left; font-style: italic;\">Distancia entre plato y mesa<\/td>\n<td class=\"1\">8.3\u2033 ~ 25.2\u2033<\/td>\n<td class=\"1\">9.5\u2033 ~ 29.1\u2033<\/td>\n<td class=\"currentcol1\" style=\"color: #91261b; background: #757575;\"><span style=\"color: #ffffff;\">9.8\u2033 ~ 32.7\u2033<\/span><\/td>\n<\/tr>\n<tr>\n<td style=\"text-align: left; font-style: italic;\">Peso m\u00e1x. electrodo<\/td>\n<td class=\"0\">221 lbs (100 kgs)<\/td>\n<td class=\"0\">331 lbs (150 kgs)<\/td>\n<td class=\"currentcol0\" style=\"color: #91261b; background: #757575;\"><span style=\"color: #ffffff;\">551 lbs (250 kgs)<\/span><\/td>\n<\/tr>\n<tr>\n<td style=\"text-align: left; font-style: italic;\">Peso m\u00e1x. sobre la mesa<\/td>\n<td class=\"1\">2204 lbs (1000 kgs)<\/td>\n<td class=\"1\">3307 lbs (1500 kgs)<\/td>\n<td class=\"currentcol1\" style=\"color: #91261b; background: #757575;\"><span style=\"color: #ffffff;\">4409 lbs (2000 kgs)<\/span><\/td>\n<\/tr>\n<tr>\n<td style=\"text-align: left; font-style: italic;\">Salida m\u00e1x. de corriente<\/td>\n<td class=\"0\">60 Amp (Opt. 90)<\/td>\n<td class=\"0\">60 Amp (Opt. 90)<\/td>\n<td class=\"currentcol0\" style=\"color: #91261b; background: #757575;\"><span style=\"color: #ffffff;\">60 Amp (Opt. 90)<\/span><\/td>\n<\/tr>\n<tr>\n<td style=\"text-align: left; font-style: italic;\">M\u00e1x. remoci\u00f3n de material<\/td>\n<td class=\"1\">200 mm\/min<\/td>\n<td class=\"1\">200 mm\/min<\/td>\n<td class=\"currentcol1\" style=\"color: #91261b; background: #757575;\"><span style=\"color: #ffffff;\">200 mm\/min<\/span><\/td>\n<\/tr>\n<tr>\n<td style=\"text-align: left; font-style: italic;\">Acabado Superficial<\/td>\n<td class=\"0\">Ra 0.2 mmRa<\/td>\n<td class=\"0\">Ra 0.2 mmRa<\/td>\n<td class=\"currentcol0\" style=\"color: #91261b; background: #757575;\"><span style=\"color: #ffffff;\">Ra 0.2 mmRa<\/span><\/td>\n<\/tr>\n<tr>\n<td style=\"text-align: left; font-style: italic;\">Desgaste de electrodo<\/td>\n<td class=\"1\">&lt; 0.15%<\/td>\n<td class=\"1\">&lt; 0.15%<\/td>\n<td class=\"currentcol1\" style=\"color: #91261b; background: #757575;\"><span style=\"color: #ffffff;\">&lt; 0.15%<\/span><\/td>\n<\/tr>\n<tr>\n<td style=\"text-align: left; font-style: italic;\">Deposito de aceito diel\u00e9ctrico<\/td>\n<td class=\"0\">330 L (87 Gal.)<\/td>\n<td class=\"0\">850 L (225 Gal.)<\/td>\n<td class=\"currentcol0\" style=\"color: #91261b; background: #757575;\"><span style=\"color: #ffffff;\">1030 L (272 Gal.)<\/span><\/td>\n<\/tr>\n<tr>\n<td style=\"text-align: left; font-style: italic;\">Peso neto<\/td>\n<td class=\"1\">3527 lbs (1600 kgs)<\/td>\n<td class=\"1\">4409 lbs (2000 kgs)<\/td>\n<td class=\"currentcol1\" style=\"color: #91261b; background: #757575;\"><span style=\"color: #ffffff;\">6834 lbs (3100 kgs)<\/span><\/td>\n<\/tr>\n<\/tbody>\n<\/table>\n<p>[\/vc_column_text][\/vc_tta_section][vc_tta_section title=&#8221;Accesorios&#8221; tab_id=&#8221;1567187287347-c7ad4b83-724a&#8221;][vc_column_text]<\/p>\n<table>\n<tbody>\n<tr>\n<td>\n<div class=\"col-sm-12\">\n<div class=\"container-fluid\">\n<div class=\"row\">\n<div class=\"col-sm-6\">\n<h3>Accesorios Estandar<\/h3>\n<ul>\n<li>Cabezal de Trabajo<\/li>\n<li>Lampara de Trabajo<\/li>\n<li>Filtro<\/li>\n<li>Caja de Herramienta<\/li>\n<li>Extinguidor de Fuego Autom\u00e1tico<\/li>\n<li>Pantalla LCD a Color<\/li>\n<\/ul>\n<\/div>\n<\/div>\n<\/div>\n<\/div>\n<\/td>\n<td>\n<div class=\"col-sm-6\">\n<h3>Accesorios Opcionales<\/h3>\n<ul>\n<li>Super Acabado<\/li>\n<li>Chuck Magn\u00e9tico<\/li>\n<\/ul>\n<\/div>\n<\/td>\n<\/tr>\n<\/tbody>\n<\/table>\n<p>[\/vc_column_text][\/vc_tta_section][vc_tta_section title=&#8221;Descargas&#8221; tab_id=&#8221;1593790877503-084b0691-b8c4&#8243;][vc_column_text]<img loading=\"lazy\" class=\"middle size-thumbnail wp-image-6210\" src=\"http:\/\/www.dhm-maquinaria.com\/wp-content\/uploads\/2020\/05\/icono-PDF-150x150.png\" alt=\"\" width=\"34px\" height=\"34px\" srcset=\"https:\/\/www.dhm-maquinaria.com\/wp-content\/uploads\/2020\/05\/icono-PDF-150x150.png 150w, https:\/\/www.dhm-maquinaria.com\/wp-content\/uploads\/2020\/05\/icono-PDF-300x300.png 300w, https:\/\/www.dhm-maquinaria.com\/wp-content\/uploads\/2020\/05\/icono-PDF-100x100.png 100w, https:\/\/www.dhm-maquinaria.com\/wp-content\/uploads\/2020\/05\/icono-PDF-450x450.png 450w, https:\/\/www.dhm-maquinaria.com\/wp-content\/uploads\/2020\/05\/icono-PDF-243x243.png 243w, https:\/\/www.dhm-maquinaria.com\/wp-content\/uploads\/2020\/05\/icono-PDF-102x102.png 102w, https:\/\/www.dhm-maquinaria.com\/wp-content\/uploads\/2020\/05\/icono-PDF-200x200.png 200w, https:\/\/www.dhm-maquinaria.com\/wp-content\/uploads\/2020\/05\/icono-PDF.png 512w\" sizes=\"(max-width: 150px) 100vw, 150px\" \/><a href=\"http:\/\/www.dhm-maquinaria.com\/wp-content\/uploads\/2020\/07\/EROSIONADORA-DE-PENETRACION_KEB-808B.pdf\">EROSIONADORA DE PENETRACION_KEB-808B<\/a>[\/vc_column_text][\/vc_tta_section][\/vc_tta_tabs][\/vc_column][\/vc_row]<\/p>\n","protected":false},"excerpt":{"rendered":"<ul>\n<li>Capacidad de alimentaci\u00f3n de 30 amperios.<\/li>\n<li>Fundiciones s\u00f3lidas totalmente estriadas para m\u00e1xima rigidez y estabilidad.<\/li>\n<li>El sistema DRO de 3 ejes incorporado se integra con el control de la m\u00e1quina para el posicionamiento y la configuraci\u00f3n autom\u00e1tica de profundidad z para una programaci\u00f3n simple.<\/li>\n<li>Un m\u00e1ximo de 500 pasos programables para configurar todos los par\u00e1metros de mecanizado permite un ciclo completo de inicio a fin incluso para los trabajos m\u00e1s complejos.<\/li>\n<li>El dise\u00f1o del circuito de descarga el\u00e9ctrica MOSFET es ideal para quemaduras r\u00e1pidas, desgaste reducido del electrodo y aplicaciones uniformes de acabado superficial.<\/li>\n<li>Formas lineales de precisi\u00f3n con husillo de bolas sumergido en aceite y servomotor DC en el eje Z.<\/li>\n<li>Potencia r\u00e1pida Ram arriba \/ abajo del motor transversal.<\/li>\n<li>El sistema de lubricaci\u00f3n centralizada de un disparo proporciona lubricaci\u00f3n a todos los puntos.<\/li>\n<\/ul>\n","protected":false},"featured_media":1528,"comment_status":"open","ping_status":"closed","template":"","meta":{"_mi_skip_tracking":false},"product_cat":[95,107],"product_tag":[129,130,193,132],"_links":{"self":[{"href":"https:\/\/www.dhm-maquinaria.com\/index.php\/wp-json\/wp\/v2\/product\/1541"}],"collection":[{"href":"https:\/\/www.dhm-maquinaria.com\/index.php\/wp-json\/wp\/v2\/product"}],"about":[{"href":"https:\/\/www.dhm-maquinaria.com\/index.php\/wp-json\/wp\/v2\/types\/product"}],"replies":[{"embeddable":true,"href":"https:\/\/www.dhm-maquinaria.com\/index.php\/wp-json\/wp\/v2\/comments?post=1541"}],"wp:featuredmedia":[{"embeddable":true,"href":"https:\/\/www.dhm-maquinaria.com\/index.php\/wp-json\/wp\/v2\/media\/1528"}],"wp:attachment":[{"href":"https:\/\/www.dhm-maquinaria.com\/index.php\/wp-json\/wp\/v2\/media?parent=1541"}],"wp:term":[{"taxonomy":"product_cat","embeddable":true,"href":"https:\/\/www.dhm-maquinaria.com\/index.php\/wp-json\/wp\/v2\/product_cat?post=1541"},{"taxonomy":"product_tag","embeddable":true,"href":"https:\/\/www.dhm-maquinaria.com\/index.php\/wp-json\/wp\/v2\/product_tag?post=1541"}],"curies":[{"name":"wp","href":"https:\/\/api.w.org\/{rel}","templated":true}]}}