{"id":1434,"date":"2019-08-26T22:06:01","date_gmt":"2019-08-26T22:06:01","guid":{"rendered":"http:\/\/192.168.100.242\/wordpress\/?post_type=product&#038;p=1434"},"modified":"2026-04-14T13:05:36","modified_gmt":"2026-04-14T19:05:36","slug":"centro-de-maquinado-kvr-2418a","status":"publish","type":"product","link":"https:\/\/www.dhm-maquinaria.com\/index.php\/product\/centro-de-maquinado-kvr-2418a\/","title":{"rendered":"Centro de Maquinado &#8211; KVR 2418A"},"content":{"rendered":"<p>[vc_row][vc_column][vc_tta_tabs][vc_tta_section title=&#8221;Especificaciones&#8221; tab_id=&#8221;1566857851488-90ab6a99-90a0&#8243;][vc_column_text]<\/p>\n<table width=\"100%\">\n<thead>\n<tr>\n<th><\/th>\n<th style=\"text-align: center;\">KVR-2418\/A<\/th>\n<th style=\"text-align: center;\"><a href=\"http:\/\/www.dhm-maquinaria.com\/index.php\/product\/centro-de-maquinado-kvr-3618a\/\">KVR-3618\/A<\/a><\/th>\n<th style=\"text-align: center;\"><a href=\"http:\/\/www.dhm-maquinaria.com\/index.php\/product\/centro-de-maquinado-kvr-4020a\/\">KVR-4020\/A<\/a><\/th>\n<\/tr>\n<\/thead>\n<tbody>\n<tr>\n<td>Viaje en el\u00a0 Eje X<\/td>\n<td style=\"text-align: center;\">24\u2033<\/td>\n<td style=\"text-align: center;\">36\u2033<\/td>\n<td style=\"text-align: center;\">40\u2033<\/td>\n<\/tr>\n<tr>\n<td>Viaje en el\u00a0 Eje Y<\/td>\n<td style=\"text-align: center;\" colspan=\"2\">18.1\u201d (460)<\/td>\n<td>20.5\u2033<\/td>\n<\/tr>\n<tr>\n<td>Viaje en el\u00a0 Eje Z<\/td>\n<td style=\"text-align: center;\" colspan=\"2\">18.9\u201d (480)<\/td>\n<td>19.7\u2033<\/td>\n<\/tr>\n<tr>\n<td>Distancia del husillo a la mesa<\/td>\n<td style=\"text-align: center;\">3.9\u201d ~ 22\u201d (100 ~ 580)<\/td>\n<td style=\"text-align: center;\">4.72\u201d ~ 24.41\u201d (120 ~ 620)<\/td>\n<td style=\"text-align: center;\">4.72\u2033 \u2013 28.35\u2033<\/td>\n<\/tr>\n<tr>\n<td>Distancia del husillo a la columna<\/td>\n<td style=\"text-align: center;\" colspan=\"2\">19.6\u201d (498)<\/td>\n<td style=\"text-align: center;\">22.1\u2033<\/td>\n<\/tr>\n<tr>\n<td>Tama\u00f1o de Mesa<\/td>\n<td>30\u201d x 18\u201d (760 x 460)<\/td>\n<td>39.37\u201d x 18.11\u201d (1000 x 460)<\/td>\n<td style=\"text-align: center;\">43.3\u2033 x 20.5\u2033<\/td>\n<\/tr>\n<tr>\n<td>Ranuras en \u201cT\u201d 4 (ancho x paso)<\/td>\n<td style=\"text-align: center;\" colspan=\"2\">0.55\u201dH7 x 4 x 3.94\u201d (14H7 x 4 x 100)<\/td>\n<td style=\"text-align: center;\">0.7\u2033H7 x 5 x 3.94\u2033<\/td>\n<\/tr>\n<tr>\n<td>Peso sobre la mesa<\/td>\n<td style=\"text-align: center;\">660 lbs (300 kgs)<\/td>\n<td style=\"text-align: center;\">882 lbs (400 kgs)<\/td>\n<td style=\"text-align: center;\">1102 lbs<\/td>\n<\/tr>\n<tr>\n<td>Tool Capacity<\/td>\n<td style=\"text-align: center;\" colspan=\"3\">16 \u2013 Carousel \/ A: 24, (32), (40) \u2013 Dual Arm Type<\/td>\n<\/tr>\n<tr>\n<td>M\u00e1ximo di\u00e1metro de herramienta<\/td>\n<td style=\"text-align: center;\" colspan=\"3\">3\u201d (76)<\/td>\n<\/tr>\n<tr>\n<td>M\u00e1ximo peso de herramienta<\/td>\n<td style=\"text-align: center;\" colspan=\"3\">13.2 lbs (6 kgs)<\/td>\n<\/tr>\n<tr>\n<td>Tipo de Husillo<\/td>\n<td style=\"text-align: center;\" colspan=\"3\">CAT40 (Opt. BT40, Big+)<\/td>\n<\/tr>\n<tr>\n<td>Velocidad del husillo<\/td>\n<td style=\"text-align: center;\" colspan=\"3\">10,000 RPM w\/ chiller (12K, 15K optional)<\/td>\n<\/tr>\n<tr>\n<td>Desplazamientos R\u00e1pidos\u00a0 X\/Y\/Z<\/td>\n<td style=\"text-align: center;\" colspan=\"3\">1417 ipm (36 m\/min)<\/td>\n<\/tr>\n<tr>\n<td>M\u00e1ximo Avance<\/td>\n<td style=\"text-align: center;\" colspan=\"3\">590 ipm (15 m\/min)<\/td>\n<\/tr>\n<tr>\n<td>Gu\u00edas<\/td>\n<td style=\"text-align: center;\" colspan=\"3\">Linear (Roller Type)<\/td>\n<\/tr>\n<tr>\n<td>Spindle Motor<\/td>\n<td style=\"text-align: center;\" colspan=\"3\">10 \/ 15 HP (7.5 \/ 11.2 KW)<\/td>\n<\/tr>\n<tr>\n<td>Motor de los ejes\u00a0 X\/Y\/Z<\/td>\n<td style=\"text-align: center;\" colspan=\"2\">2.4 \/ 2.4 \/ 4 HP (1.8 \/ 1.8 \/ 3.0 KW)<\/td>\n<td style=\"text-align: center;\">4 \/ 4 \/ 4 HP (3.0 \/ 3.0 \/ 3.0 KW)<\/td>\n<\/tr>\n<tr>\n<td>Peso neto<\/td>\n<td style=\"text-align: center;\">8,157 lbs (3,700 kgs)<\/td>\n<td style=\"text-align: center;\">8,819 lbs (4,000 kgs)<\/td>\n<td style=\"text-align: center;\">9,700 lbs (4,400 kgs)<\/td>\n<\/tr>\n<tr>\n<td>Peso con embalaje<\/td>\n<td style=\"text-align: center;\">8,598 lbs (3,900 kgs)<\/td>\n<td style=\"text-align: center;\">9,259 lbs (4,200 kgs)<\/td>\n<td style=\"text-align: center;\">10,141 lbs (4,600 kgs)<\/td>\n<\/tr>\n<tr>\n<td>Dimensiones de embalaje (L x W x H)<\/td>\n<td style=\"text-align: center;\">95.3\u2033 x 89\u2033 x 94.5\u2033 (2240 x 2350 x 2500)<\/td>\n<td style=\"text-align: center;\">120\u2033 x 90\u2033 x 94.5\u2033 (3048 x 2286 x 2400)<\/td>\n<td style=\"text-align: center;\">100\u2033 x 90\u2033 x 98.4\u2033 (2200 x 3100 x 2900)<\/td>\n<\/tr>\n<tr>\n<td>Espacio de piso<\/td>\n<td style=\"text-align: center;\">93\u2033 x 87\u2033 x 96\u2033 (2352 x 2198 x 2440)<\/td>\n<td style=\"text-align: center;\">132.2\u2033 x 113.4\u2033 x 96.1\u2033 (3357 x 2880 x 2440)<\/td>\n<td style=\"text-align: center;\">132\u2033 x 116\u2033 x 106\u2033 (3353 x 2945 x 2688)<\/td>\n<\/tr>\n<tr>\n<td>CNC Control<\/td>\n<td style=\"text-align: center;\" colspan=\"3\">Fanuc 0i-M (Opt. Heidenhein, Siemens, Mitsubishi or Fagor)<\/td>\n<\/tr>\n<\/tbody>\n<\/table>\n<p>[\/vc_column_text][\/vc_tta_section][vc_tta_section title=&#8221;Equipamiento y Accesorios&#8221; tab_id=&#8221;1566857851498-c2d60bcb-94fc&#8221;][vc_column_text]<\/p>\n<table width=\"100%\">\n<thead>\n<tr>\n<th style=\"text-align: center;\">Equipamento Estandar<\/th>\n<th style=\"text-align: center;\">Accesorios<\/th>\n<\/tr>\n<\/thead>\n<tbody>\n<tr>\n<td>\n<ul>\n<li>Brazo de Cambio R\u00e1pido (24 Herramientas) \u2013 Modelos &#8220;A&#8221;<\/li>\n<li>Enfriador del Husillo<\/li>\n<li>Machueledo R\u00edgido<\/li>\n<li>L\u00e1mpara de Trabajo<\/li>\n<li>Extractor Doble de Calor<\/li>\n<li>Aire del Husillo<\/li>\n<li>Conexi\u00f3n Ethernet<\/li>\n<li>Patas Niveladoras<\/li>\n<li>Generador de Pulso Remoto (MPG)<\/li>\n<li>Luz Indicadora de Estado de 3 Colores<\/li>\n<li>C\u00f3digo M30 de Auto Apagado<\/li>\n<li>Monitor a Color<\/li>\n<li>Gusano Evacuador de Rebaba<\/li>\n<li>Flush Limpiador de Rebaba<\/li>\n<\/ul>\n<\/td>\n<td>\n<ul>\n<li>Husillo de Hasta 20,000 RPM<\/li>\n<li>Chip Conveyor Tipo Campana<\/li>\n<li>Refrigeraci\u00f3n Atrav\u00e9s del Husillo<\/li>\n<li>Mesa Rotativa para 4to. Eje<\/li>\n<li>Tranformador<\/li>\n<li>Cortina de Refrigerante a 360\u00b0<\/li>\n<li>Probeta para Ajuste de Herramienta<\/li>\n<\/ul>\n<\/td>\n<\/tr>\n<\/tbody>\n<\/table>\n<p>[\/vc_column_text][\/vc_tta_section][vc_tta_section title=&#8221;Descargas&#8221; tab_id=&#8221;1591640544215-09a7f2e2-963d&#8221;][vc_column_text]<img loading=\"lazy\" class=\"middle size-thumbnail wp-image-6210\" src=\"http:\/\/www.dhm-maquinaria.com\/wp-content\/uploads\/2020\/05\/icono-PDF-150x150.png\" alt=\"\" width=\"34px\" height=\"34px\" srcset=\"https:\/\/www.dhm-maquinaria.com\/wp-content\/uploads\/2020\/05\/icono-PDF-150x150.png 150w, https:\/\/www.dhm-maquinaria.com\/wp-content\/uploads\/2020\/05\/icono-PDF-300x300.png 300w, https:\/\/www.dhm-maquinaria.com\/wp-content\/uploads\/2020\/05\/icono-PDF-100x100.png 100w, https:\/\/www.dhm-maquinaria.com\/wp-content\/uploads\/2020\/05\/icono-PDF-450x450.png 450w, https:\/\/www.dhm-maquinaria.com\/wp-content\/uploads\/2020\/05\/icono-PDF-243x243.png 243w, https:\/\/www.dhm-maquinaria.com\/wp-content\/uploads\/2020\/05\/icono-PDF-102x102.png 102w, https:\/\/www.dhm-maquinaria.com\/wp-content\/uploads\/2020\/05\/icono-PDF-200x200.png 200w, https:\/\/www.dhm-maquinaria.com\/wp-content\/uploads\/2020\/05\/icono-PDF.png 512w\" sizes=\"(max-width: 150px) 100vw, 150px\" \/><a href=\"http:\/\/www.dhm-maquinaria.com\/wp-content\/uploads\/2020\/07\/CENTRO-DE-MAQUINADO_KVR-2418A.pdf\">CENTRO DE MAQUINADO_KVR-2418A<\/a>[\/vc_column_text][\/vc_tta_section][\/vc_tta_tabs][\/vc_column][\/vc_row]<\/p>\n","protected":false},"excerpt":{"rendered":"<p style=\"text-align: justify;\">Los centros de mecanizado vertical de forma lineal CNC de Kent combinan un dise\u00f1o de m\u00e1quina probado con tecnolog\u00eda avanzada en control y fabricaci\u00f3n. Nuestra l\u00ednea completa de centros de mecanizado vertical de dise\u00f1o de bastidor en C y mesa m\u00f3vil tambi\u00e9n est\u00e1 equipada con varias configuraciones de husillo y ATC para cumplir con los requisitos de su pieza de trabajo. La fiabilidad y el rendimiento hacen de esta serie una de las favoritas entre los exigentes talleres de fresado CNC y las producciones internas por igual.<\/p>\n<p>&nbsp;<\/p>\n","protected":false},"featured_media":1436,"comment_status":"open","ping_status":"closed","template":"","meta":{"_mi_skip_tracking":false},"product_cat":[94],"product_tag":[103,101,102],"_links":{"self":[{"href":"https:\/\/www.dhm-maquinaria.com\/index.php\/wp-json\/wp\/v2\/product\/1434"}],"collection":[{"href":"https:\/\/www.dhm-maquinaria.com\/index.php\/wp-json\/wp\/v2\/product"}],"about":[{"href":"https:\/\/www.dhm-maquinaria.com\/index.php\/wp-json\/wp\/v2\/types\/product"}],"replies":[{"embeddable":true,"href":"https:\/\/www.dhm-maquinaria.com\/index.php\/wp-json\/wp\/v2\/comments?post=1434"}],"wp:featuredmedia":[{"embeddable":true,"href":"https:\/\/www.dhm-maquinaria.com\/index.php\/wp-json\/wp\/v2\/media\/1436"}],"wp:attachment":[{"href":"https:\/\/www.dhm-maquinaria.com\/index.php\/wp-json\/wp\/v2\/media?parent=1434"}],"wp:term":[{"taxonomy":"product_cat","embeddable":true,"href":"https:\/\/www.dhm-maquinaria.com\/index.php\/wp-json\/wp\/v2\/product_cat?post=1434"},{"taxonomy":"product_tag","embeddable":true,"href":"https:\/\/www.dhm-maquinaria.com\/index.php\/wp-json\/wp\/v2\/product_tag?post=1434"}],"curies":[{"name":"wp","href":"https:\/\/api.w.org\/{rel}","templated":true}]}}