{"id":184,"date":"2016-03-15T10:16:44","date_gmt":"2016-03-15T10:16:44","guid":{"rendered":"http:\/\/demo.snstheme.com\/wp\/sara\/?page_id=184"},"modified":"2021-07-16T16:02:14","modified_gmt":"2021-07-16T22:02:14","slug":"contacto","status":"publish","type":"page","link":"https:\/\/www.dhm-maquinaria.com\/index.php\/contacto\/","title":{"rendered":"Contacto"},"content":{"rendered":"<p>[vc_row css=&#8221;.vc_custom_1463995761359{padding-top: 0px !important;padding-bottom: 0px !important;}&#8221;][vc_column][vc_gmaps link=&#8221;#E-8_JTNDaWZyYW1lJTIwc3JjJTNEJTIyaHR0cHMlM0ElMkYlMkZ3d3cuZ29vZ2xlLmNvbSUyRm1hcHMlMkZkJTJGZW1iZWQlM0ZtaWQlM0Qxa2pNXzl6WWJhRHpxcU8wU19Mc2RIZGhQZGZyc2dVVUclMjIlMjB3aWR0aCUzRCUyMjY0MCUyMiUyMGhlaWdodCUzRCUyMjQ4MCUyMiUzRSUzQyUyRmlmcmFtZSUzRQ==&#8221; css_animation=&#8221;fadeInDown&#8221;][\/vc_column][\/vc_row][vc_row el_class=&#8221;sns-contact-block&#8221; css=&#8221;.vc_custom_1463995768820{padding-top: 0px !important;padding-bottom: 0px !important;}&#8221;][vc_column width=&#8221;1\/2&#8243;][vc_text_separator title=&#8221;Nuestas Sucursales&#8221; title_align=&#8221;separator_align_left&#8221; align=&#8221;align_left&#8221; color=&#8221;custom&#8221; accent_color=&#8221;#eaeaea&#8221;][vc_column_text]<\/p>\n<div class=\"contact-info\">\n<h4><i class=\"icon_pin_alt\"><\/i>Chihuahua<\/h4>\n<ul>\n<li>Nicol\u00e1s Gogol #11342 &#8211; Int. 34, Complejo Ind. Chihuahua, C.P. 31136<\/li>\n<li>Chihuahua, Chihuahua, M\u00e9xico<\/li>\n<li>Tel\u00e9fono: (614) 205 4617 \/ 481 4617<\/li>\n<li>Correo: info@dhm-maquinaria.com<\/li>\n<\/ul>\n<ul>\n<li>Fuente de Vulcano #4502, Col. Jardines del Lago. C.P. 32616<\/li>\n<li>Cd. Ju\u00e1rez, Chihuahua, M\u00e9xico<\/li>\n<li>Tel\u00e9fono: (656) 637 1388<\/li>\n<li>Correo: info@dhm-maquinaria.com<\/li>\n<\/ul>\n<\/div>\n<p>[\/vc_column_text][vc_column_text]<\/p>\n<div class=\"contact-info\">\n<h4>Sonora<\/h4>\n<ul>\n<li>Carretera Intl. Guaymas-Hermosillo#7 Int.3, Col. Femosa C.P. 85456<\/li>\n<li>Guaymas, Sonora, M\u00e9xico<\/li>\n<li>Tel\u00e9fono: (622) 221 0228<\/li>\n<li>Correo: info@dhm-maquinaria.com<\/li>\n<li><span style=\"color: #ffffff;\">.<\/span><\/li>\n<li>Calle Jose Mar\u00eda Mendoza #142 Int. A Col. Choyal C.P. 83130<\/li>\n<li>Hermosillo, Sonora, M\u00e9xico<\/li>\n<li>Tel\u00e9fono: (662) 260 4614<\/li>\n<li>Correo: info@dhm-maquinaria.com<\/li>\n<li><span style=\"color: #ffffff;\">.<\/span><\/li>\n<li>Av. De Los Nogales #614 Int. 9, Col. Colinas Del Yaqui C.P. 84093<\/li>\n<li>Nogales, Sonora, M\u00e9xico<\/li>\n<li>Tel\u00e9fono: (631) 209 1792<\/li>\n<li>Correo: info@dhm-maquinaria.com<\/li>\n<\/ul>\n<p>&nbsp;<\/p>\n<\/div>\n<p>[\/vc_column_text][vc_column_text]<\/p>\n<div class=\"contact-info\">\n<h4><i class=\"icon_pin_alt\"><\/i>Baja California<\/h4>\n<ul>\n<li>Blvd. Pac\u00edfico #9010 Local 4 Col. Parque Ind. Pac\u00edfico, C.P. 22644<\/li>\n<li>Tijuana, Baja California, M\u00e9xico<\/li>\n<li>Tel\u00e9fono: (664) 623 2769<\/li>\n<li>Correo: info@dhm-maquinaria.com<\/li>\n<\/ul>\n<p>&nbsp;<\/p>\n<ul>\n<li>Av. Rep\u00fablica de Brasil #898-3 Esq. con Rio Culiac\u00e1n, Col. Compuertas , C.P. 21218<\/li>\n<li>Mexicali, Baja California, M\u00e9xico.<\/li>\n<li>Tel\u00e9fono: (686) 5652244\/5652243<\/li>\n<li>Correo: info@dhm-maquinaria.com<\/li>\n<\/ul>\n<\/div>\n<p>[\/vc_column_text][vc_column_text]<\/p>\n<div class=\"contact-info\">\n<h4><i class=\"icon_pin_alt\"><\/i>Puebla<\/h4>\n<ul>\n<li>29 Poniente 2708 B, Col. Santa Cruz Los \u00c1ngeles, C.P. 72400<\/li>\n<li>Puebla, Puebla, M\u00e9xico<\/li>\n<li>Telefono: (222) 688 8143 Ext. 110<\/li>\n<li>Correo: info@dhm-maquinaria.com<\/li>\n<\/ul>\n<\/div>\n<p>[\/vc_column_text][vc_column_text]<\/p>\n<div class=\"contact-info\">\n<h4><i class=\"icon_pin_alt\"><\/i>Jalisco<\/h4>\n<ul>\n<li>Agente de Ventas<\/li>\n<li>(33) 283 9992<\/li>\n<li>Correo: info@dhm-maquinaria.com<\/li>\n<\/ul>\n<\/div>\n<p>[\/vc_column_text][vc_column_text]<\/p>\n<div class=\"contact-info\">\n<h4><i class=\"icon_pin_alt\"><\/i>Veracruz<\/h4>\n<ul>\n<li>Plaza Framboyanes Local 12 Calz. Manuel de J. Clouthier #9339 Col. Tejeria, C.P. 91697<\/li>\n<li>Veracruz, Veracruz, M\u00e9xico.<\/li>\n<li>Tel\u00e9fono: (229) 386 2437<\/li>\n<li>Correo: info@dhm-maquinaria.com<\/li>\n<\/ul>\n<\/div>\n<p>[\/vc_column_text][vc_column_text]<\/p>\n<div class=\"contact-info\">\n<h4><i class=\"icon_pin_alt\"><\/i>Quer\u00e9taro<\/h4>\n<ul>\n<li>Senda de La Inspiraci\u00f3n 27, Milenio 3ra Secci\u00f3n, C.P. 76060<\/li>\n<li>Santiago de Quer\u00e9taro, Quer\u00e9taro, M\u00e9xico.<\/li>\n<li>Tel\u00e9fono: (442) 344 9372 \/ 274 3230<\/li>\n<li>Correo: info@dhm-maquinaria.com<\/li>\n<\/ul>\n<\/div>\n<p>[\/vc_column_text][\/vc_column][vc_column width=&#8221;1\/2&#8243;][vc_text_separator title=&#8221;Env\u00edenos un mensaje&#8221; title_align=&#8221;separator_align_left&#8221; align=&#8221;align_left&#8221; color=&#8221;custom&#8221; accent_color=&#8221;#eaeaea&#8221;]<div role=\"form\" class=\"wpcf7\" id=\"wpcf7-f95-o1\" lang=\"en-US\" dir=\"ltr\">\n<div class=\"screen-reader-response\"><p role=\"status\" aria-live=\"polite\" aria-atomic=\"true\"><\/p> <ul><\/ul><\/div>\n<form action=\"\/index.php\/wp-json\/wp\/v2\/pages\/184#wpcf7-f95-o1\" method=\"post\" class=\"wpcf7-form init\" novalidate=\"novalidate\" data-status=\"init\">\n<div style=\"display: none;\">\n<input type=\"hidden\" name=\"_wpcf7\" value=\"95\" \/>\n<input type=\"hidden\" name=\"_wpcf7_version\" value=\"5.6.2\" \/>\n<input type=\"hidden\" name=\"_wpcf7_locale\" value=\"en_US\" \/>\n<input type=\"hidden\" name=\"_wpcf7_unit_tag\" value=\"wpcf7-f95-o1\" \/>\n<input type=\"hidden\" name=\"_wpcf7_container_post\" value=\"0\" \/>\n<input type=\"hidden\" name=\"_wpcf7_posted_data_hash\" value=\"\" \/>\n<\/div>\n<p><span class=\"wpcf7-form-control-wrap\" data-name=\"your-name\"><input type=\"text\" name=\"your-name\" value=\"\" size=\"40\" class=\"wpcf7-form-control wpcf7-text wpcf7-validates-as-required\" aria-required=\"true\" aria-invalid=\"false\" placeholder=\"Nombre *\" \/><\/span><br \/>\n<span class=\"wpcf7-form-control-wrap\" data-name=\"your-email\"><input type=\"email\" name=\"your-email\" value=\"\" size=\"40\" class=\"wpcf7-form-control wpcf7-text wpcf7-email wpcf7-validates-as-required wpcf7-validates-as-email\" aria-required=\"true\" aria-invalid=\"false\" placeholder=\"Correo *\" \/><\/span><br \/>\n<span class=\"wpcf7-form-control-wrap\" data-name=\"your-phone\"><input type=\"tel\" name=\"your-phone\" value=\"\" size=\"40\" class=\"wpcf7-form-control wpcf7-text wpcf7-tel wpcf7-validates-as-required wpcf7-validates-as-tel\" aria-required=\"true\" aria-invalid=\"false\" placeholder=\"Telefono\" \/><\/span><br \/>\n<span class=\"wpcf7-form-control-wrap\" data-name=\"your-empresa\"><input type=\"text\" name=\"your-empresa\" value=\"\" size=\"40\" class=\"wpcf7-form-control wpcf7-text\" aria-invalid=\"false\" placeholder=\"Empresa\" \/><\/span><br \/>\nTipo de Usuario: <span class=\"wpcf7-form-control-wrap\" data-name=\"tipo-usuario\"><select name=\"tipo-usuario\" class=\"wpcf7-form-control wpcf7-select wpcf7-validates-as-required\" aria-required=\"true\" aria-invalid=\"false\"><option value=\"Revendedor\">Revendedor<\/option><option value=\"Usuario Final\">Usuario Final<\/option><\/select><\/span><br \/>\n<span class=\"wpcf7-form-control-wrap\" data-name=\"your-producto\"><input type=\"text\" name=\"your-producto\" value=\"\" size=\"40\" class=\"wpcf7-form-control wpcf7-text\" aria-invalid=\"false\" placeholder=\"Producto de Interes\/No. de parte\" \/><\/span><br \/>\nTiempo de Adquisici\u00f3n: <span class=\"wpcf7-form-control-wrap\" data-name=\"tiempo-adquisicion\"><select name=\"tiempo-adquisicion\" class=\"wpcf7-form-control wpcf7-select wpcf7-validates-as-required\" aria-required=\"true\" aria-invalid=\"false\"><option value=\"Inmediata\">Inmediata<\/option><option value=\"Corto Plazo (1-5 meses)\">Corto Plazo (1-5 meses)<\/option><option value=\"Largo Plazo (6-12 meses)\">Largo Plazo (6-12 meses)<\/option><\/select><\/span><br \/>\n<span class=\"wpcf7-form-control-wrap\" data-name=\"your-message\"><textarea name=\"your-message\" cols=\"40\" rows=\"4\" class=\"wpcf7-form-control wpcf7-textarea wpcf7-validates-as-required\" aria-required=\"true\" aria-invalid=\"false\" placeholder=\"Comentarios *\"><\/textarea><\/span><br \/>\n<input type=\"submit\" value=\"Enviar Correo\" class=\"wpcf7-form-control has-spinner wpcf7-submit\" \/><\/p>\n<p style=\"display: none !important;\"><label>&#916;<textarea name=\"_wpcf7_ak_hp_textarea\" cols=\"45\" rows=\"8\" maxlength=\"100\"><\/textarea><\/label><input type=\"hidden\" id=\"ak_js_1\" name=\"_wpcf7_ak_js\" value=\"236\"\/><script>document.getElementById( \"ak_js_1\" ).setAttribute( \"value\", ( new Date() ).getTime() );<\/script><\/p><div class=\"wpcf7-response-output\" aria-hidden=\"true\"><\/div><\/form><\/div>[\/vc_column][\/vc_row]<\/p>\n","protected":false},"excerpt":{"rendered":"<p>[vc_row css=&#8221;.vc_custom_1463995761359{padding-top: 0px !important;padding-bottom: 0px !important;}&#8221;][vc_column][vc_gmaps link=&#8221;#E-8_JTNDaWZyYW1lJTIwc3JjJTNEJTIyaHR0cHMlM0ElMkYlMkZ3d3cuZ29vZ2xlLmNvbSUyRm1hcHMlMkZkJTJGZW1iZWQlM0ZtaWQlM0Qxa2pNXzl6WWJhRHpxcU8wU19Mc2RIZGhQZGZyc2dVVUclMjIlMjB3aWR0aCUzRCUyMjY0MCUyMiUyMGhlaWdodCUzRCUyMjQ4MCUyMiUzRSUzQyUyRmlmcmFtZSUzRQ==&#8221; css_animation=&#8221;fadeInDown&#8221;][\/vc_column][\/vc_row][vc_row el_class=&#8221;sns-contact-block&#8221; css=&#8221;.vc_custom_1463995768820{padding-top: 0px !important;padding-bottom: 0px !important;}&#8221;][vc_column width=&#8221;1\/2&#8243;][vc_text_separator title=&#8221;Nuestas Sucursales&#8221; title_align=&#8221;separator_align_left&#8221; align=&#8221;align_left&#8221; color=&#8221;custom&#8221; accent_color=&#8221;#eaeaea&#8221;][vc_column_text] Chihuahua Nicol\u00e1s Gogol #11342 &#8211; Int. 34, Complejo Ind. Chihuahua, C.P. 31136 Chihuahua, Chihuahua, M\u00e9xico Tel\u00e9fono: (614) 205 4617 \/ 481 4617 Correo: info@dhm-maquinaria.com Fuente de Vulcano #4502, Col. Jardines del Lago. C.P. 32616 [&hellip;]<\/p>\n","protected":false},"author":1,"featured_media":0,"parent":0,"menu_order":0,"comment_status":"closed","ping_status":"closed","template":"","meta":{"_mi_skip_tracking":false},"_links":{"self":[{"href":"https:\/\/www.dhm-maquinaria.com\/index.php\/wp-json\/wp\/v2\/pages\/184"}],"collection":[{"href":"https:\/\/www.dhm-maquinaria.com\/index.php\/wp-json\/wp\/v2\/pages"}],"about":[{"href":"https:\/\/www.dhm-maquinaria.com\/index.php\/wp-json\/wp\/v2\/types\/page"}],"author":[{"embeddable":true,"href":"https:\/\/www.dhm-maquinaria.com\/index.php\/wp-json\/wp\/v2\/users\/1"}],"replies":[{"embeddable":true,"href":"https:\/\/www.dhm-maquinaria.com\/index.php\/wp-json\/wp\/v2\/comments?post=184"}],"version-history":[{"count":44,"href":"https:\/\/www.dhm-maquinaria.com\/index.php\/wp-json\/wp\/v2\/pages\/184\/revisions"}],"predecessor-version":[{"id":6380,"href":"https:\/\/www.dhm-maquinaria.com\/index.php\/wp-json\/wp\/v2\/pages\/184\/revisions\/6380"}],"wp:attachment":[{"href":"https:\/\/www.dhm-maquinaria.com\/index.php\/wp-json\/wp\/v2\/media?parent=184"}],"curies":[{"name":"wp","href":"https:\/\/api.w.org\/{rel}","templated":true}]}}