{"id":1801,"date":"2019-09-17T11:30:55","date_gmt":"2019-09-17T17:30:55","guid":{"rendered":"http:\/\/dhmmaquinaria.ika.mx\/wordpress\/?page_id=1801"},"modified":"2019-09-17T11:30:55","modified_gmt":"2019-09-17T17:30:55","slug":"polizas-de-servicio","status":"publish","type":"page","link":"https:\/\/www.dhm-maquinaria.com\/index.php\/polizas-de-servicio\/","title":{"rendered":"P\u00f3lizas de Servicio"},"content":{"rendered":"<p>[vc_row][vc_column][vc_column_text]Para ofrecer una mayor estabilidad en cuanto al rendimiento de sus equipos sin necesidad de ocupar m\u00e1s personal en su negocio o bien restarles tiempo de las tareas ya asignadas, se han creado el concepto de p\u00f3lizas de servicio<\/p>\n<p>En ellas se realiza un convenio Empresa-Cliente en donde se dise\u00f1a el servicio lo m\u00e1s ajustable posible para cubrir con las caracter\u00edsticas que nuestro cliente necesita en su servicio. Cont\u00e1ctanos para poder brindarte mayor informaci\u00f3n de esto.[\/vc_column_text][\/vc_column][\/vc_row]<\/p>\n","protected":false},"excerpt":{"rendered":"<p>[vc_row][vc_column][vc_column_text]Para ofrecer una mayor estabilidad en cuanto al rendimiento de sus equipos sin necesidad de ocupar m\u00e1s personal en su negocio o bien restarles tiempo de las tareas ya asignadas, se han creado el concepto de p\u00f3lizas de servicio En ellas se realiza un convenio Empresa-Cliente en donde se dise\u00f1a el servicio lo m\u00e1s ajustable [&hellip;]<\/p>\n","protected":false},"author":2,"featured_media":0,"parent":0,"menu_order":0,"comment_status":"closed","ping_status":"closed","template":"","meta":{"_mi_skip_tracking":false},"_links":{"self":[{"href":"https:\/\/www.dhm-maquinaria.com\/index.php\/wp-json\/wp\/v2\/pages\/1801"}],"collection":[{"href":"https:\/\/www.dhm-maquinaria.com\/index.php\/wp-json\/wp\/v2\/pages"}],"about":[{"href":"https:\/\/www.dhm-maquinaria.com\/index.php\/wp-json\/wp\/v2\/types\/page"}],"author":[{"embeddable":true,"href":"https:\/\/www.dhm-maquinaria.com\/index.php\/wp-json\/wp\/v2\/users\/2"}],"replies":[{"embeddable":true,"href":"https:\/\/www.dhm-maquinaria.com\/index.php\/wp-json\/wp\/v2\/comments?post=1801"}],"version-history":[{"count":1,"href":"https:\/\/www.dhm-maquinaria.com\/index.php\/wp-json\/wp\/v2\/pages\/1801\/revisions"}],"predecessor-version":[{"id":1802,"href":"https:\/\/www.dhm-maquinaria.com\/index.php\/wp-json\/wp\/v2\/pages\/1801\/revisions\/1802"}],"wp:attachment":[{"href":"https:\/\/www.dhm-maquinaria.com\/index.php\/wp-json\/wp\/v2\/media?parent=1801"}],"curies":[{"name":"wp","href":"https:\/\/api.w.org\/{rel}","templated":true}]}}