{"id":1797,"date":"2019-09-17T11:28:43","date_gmt":"2019-09-17T17:28:43","guid":{"rendered":"http:\/\/dhmmaquinaria.ika.mx\/wordpress\/?page_id=1797"},"modified":"2019-09-17T11:28:43","modified_gmt":"2019-09-17T17:28:43","slug":"asesoria","status":"publish","type":"page","link":"https:\/\/www.dhm-maquinaria.com\/index.php\/asesoria\/","title":{"rendered":"Asesor\u00eda"},"content":{"rendered":"<p>[vc_row][vc_column][vc_column_text]Cuando existan dudas de: si el equipo que desea adquirir en realidad es lo que usted necesita para un nuevo proceso o implementaci\u00f3n o bien las caracter\u00edsticas o especificaciones del mismo se encuentran en el camino correcto para realizar dicha actividad de la manera m\u00e1s f\u00e1cil y r\u00e1pida, podremos apoyarle con comentarios o sugerencias a acerca de esto.<\/p>\n<p>Una vez nosotros tuvimos oportunidad de venderle un equipo nuestro permanecemos atentos para las dudas o necesidades que puedan surgir despu\u00e9s de haber sido instalado el equipo y brindar la capacitaci\u00f3n de cortes\u00eda por parte nuestra.<\/p>\n<p>Tenemos adem\u00e1s una divisi\u00f3n que nos ayuda a mejorar procesos o definirlos para mejorar sus proyectos.[\/vc_column_text][\/vc_column][\/vc_row]<\/p>\n","protected":false},"excerpt":{"rendered":"<p>[vc_row][vc_column][vc_column_text]Cuando existan dudas de: si el equipo que desea adquirir en realidad es lo que usted necesita para un nuevo proceso o implementaci\u00f3n o bien las caracter\u00edsticas o especificaciones del mismo se encuentran en el camino correcto para realizar dicha actividad de la manera m\u00e1s f\u00e1cil y r\u00e1pida, podremos apoyarle con comentarios o sugerencias a [&hellip;]<\/p>\n","protected":false},"author":2,"featured_media":0,"parent":0,"menu_order":0,"comment_status":"closed","ping_status":"closed","template":"","meta":{"_mi_skip_tracking":false},"_links":{"self":[{"href":"https:\/\/www.dhm-maquinaria.com\/index.php\/wp-json\/wp\/v2\/pages\/1797"}],"collection":[{"href":"https:\/\/www.dhm-maquinaria.com\/index.php\/wp-json\/wp\/v2\/pages"}],"about":[{"href":"https:\/\/www.dhm-maquinaria.com\/index.php\/wp-json\/wp\/v2\/types\/page"}],"author":[{"embeddable":true,"href":"https:\/\/www.dhm-maquinaria.com\/index.php\/wp-json\/wp\/v2\/users\/2"}],"replies":[{"embeddable":true,"href":"https:\/\/www.dhm-maquinaria.com\/index.php\/wp-json\/wp\/v2\/comments?post=1797"}],"version-history":[{"count":1,"href":"https:\/\/www.dhm-maquinaria.com\/index.php\/wp-json\/wp\/v2\/pages\/1797\/revisions"}],"predecessor-version":[{"id":1798,"href":"https:\/\/www.dhm-maquinaria.com\/index.php\/wp-json\/wp\/v2\/pages\/1797\/revisions\/1798"}],"wp:attachment":[{"href":"https:\/\/www.dhm-maquinaria.com\/index.php\/wp-json\/wp\/v2\/media?parent=1797"}],"curies":[{"name":"wp","href":"https:\/\/api.w.org\/{rel}","templated":true}]}}