{"id":1795,"date":"2019-09-17T11:27:54","date_gmt":"2019-09-17T17:27:54","guid":{"rendered":"http:\/\/dhmmaquinaria.ika.mx\/wordpress\/?page_id=1795"},"modified":"2019-09-17T11:27:54","modified_gmt":"2019-09-17T17:27:54","slug":"capacitacion","status":"publish","type":"page","link":"https:\/\/www.dhm-maquinaria.com\/index.php\/capacitacion\/","title":{"rendered":"Capacitaci\u00f3n"},"content":{"rendered":"<p>[vc_row][vc_column][vc_column_text]Cuando surge la necesidad de capacitar a su personal en procesos que son de su inter\u00e9s y est\u00e9n en nuestro conocimiento, brindamos asistencia para que el personal en su empresa conozca y domine la actividad deseada por ustedes. As\u00ed de esta forma prevenir da\u00f1os y costos innecesarios para su bolsillo.<\/p>\n<p>Un personal con conocimiento completo incrementa su producci\u00f3n y disminuye costos de desperdicios y fallas por manipulaci\u00f3n err\u00f3nea.<\/p>\n<p>De nuestras maquinas tenemos el conocimiento de operaci\u00f3n y funciones que existen en ellas, la mayor\u00eda de las marcas comparten un principio del proceso en com\u00fan por lo que en ocasiones es posible capacitar la operaci\u00f3n de otras marcas, cont\u00e1ctenos y conozca m\u00e1s de ello.[\/vc_column_text][\/vc_column][\/vc_row]<\/p>\n","protected":false},"excerpt":{"rendered":"<p>[vc_row][vc_column][vc_column_text]Cuando surge la necesidad de capacitar a su personal en procesos que son de su inter\u00e9s y est\u00e9n en nuestro conocimiento, brindamos asistencia para que el personal en su empresa conozca y domine la actividad deseada por ustedes. As\u00ed de esta forma prevenir da\u00f1os y costos innecesarios para su bolsillo. Un personal con conocimiento completo [&hellip;]<\/p>\n","protected":false},"author":2,"featured_media":0,"parent":0,"menu_order":0,"comment_status":"closed","ping_status":"closed","template":"","meta":{"_mi_skip_tracking":false},"_links":{"self":[{"href":"https:\/\/www.dhm-maquinaria.com\/index.php\/wp-json\/wp\/v2\/pages\/1795"}],"collection":[{"href":"https:\/\/www.dhm-maquinaria.com\/index.php\/wp-json\/wp\/v2\/pages"}],"about":[{"href":"https:\/\/www.dhm-maquinaria.com\/index.php\/wp-json\/wp\/v2\/types\/page"}],"author":[{"embeddable":true,"href":"https:\/\/www.dhm-maquinaria.com\/index.php\/wp-json\/wp\/v2\/users\/2"}],"replies":[{"embeddable":true,"href":"https:\/\/www.dhm-maquinaria.com\/index.php\/wp-json\/wp\/v2\/comments?post=1795"}],"version-history":[{"count":1,"href":"https:\/\/www.dhm-maquinaria.com\/index.php\/wp-json\/wp\/v2\/pages\/1795\/revisions"}],"predecessor-version":[{"id":1796,"href":"https:\/\/www.dhm-maquinaria.com\/index.php\/wp-json\/wp\/v2\/pages\/1795\/revisions\/1796"}],"wp:attachment":[{"href":"https:\/\/www.dhm-maquinaria.com\/index.php\/wp-json\/wp\/v2\/media?parent=1795"}],"curies":[{"name":"wp","href":"https:\/\/api.w.org\/{rel}","templated":true}]}}