{"id":1791,"date":"2019-09-17T11:10:42","date_gmt":"2019-09-17T17:10:42","guid":{"rendered":"http:\/\/dhmmaquinaria.ika.mx\/wordpress\/?page_id=1791"},"modified":"2019-09-17T11:10:42","modified_gmt":"2019-09-17T17:10:42","slug":"instalacion","status":"publish","type":"page","link":"https:\/\/www.dhm-maquinaria.com\/index.php\/instalacion\/","title":{"rendered":"Instalaci\u00f3n"},"content":{"rendered":"<p>[vc_row][vc_column][vc_column_text]Nuestra responsabilidad es; entregarle una m\u00e1quina u accesorio que se encuentre en un nivel 100% operacional, en lo que las caracter\u00edsticas de fabricante otorguen. Seguir los procedimientos y requerimientos que demanda el equipo para su correcto y prolongado funcionamiento.<\/p>\n<p>Algunas de las actividades en este proceso son:<\/p>\n<ul>\n<li><strong>Instalaciones el\u00e9ctricas<\/strong> (Acondicionadores, transformadores, elementos de control, etc).<\/li>\n<li><strong>Instalaciones Neum\u00e1ticas<\/strong> (lo que pueda necesitar usted para que su m\u00e1quina opere).<\/li>\n<li><strong>Instalaci\u00f3n f\u00edsica de las m\u00e1quinas y componentes<\/strong> (Nivelaciones, Calibraci\u00f3n, Armado entre otras)<\/li>\n<li><strong>Capacitaci\u00f3n operacional.<\/strong> (Manejo de su equipo).<\/li>\n<\/ul>\n<p>Nosotros le proponemos la mejor configuraci\u00f3n para el correcto funcionamiento de sus equipos.[\/vc_column_text][\/vc_column][\/vc_row]<\/p>\n","protected":false},"excerpt":{"rendered":"<p>[vc_row][vc_column][vc_column_text]Nuestra responsabilidad es; entregarle una m\u00e1quina u accesorio que se encuentre en un nivel 100% operacional, en lo que las caracter\u00edsticas de fabricante otorguen. Seguir los procedimientos y requerimientos que demanda el equipo para su correcto y prolongado funcionamiento. Algunas de las actividades en este proceso son: Instalaciones el\u00e9ctricas (Acondicionadores, transformadores, elementos de control, etc). [&hellip;]<\/p>\n","protected":false},"author":2,"featured_media":0,"parent":0,"menu_order":0,"comment_status":"closed","ping_status":"closed","template":"","meta":{"_mi_skip_tracking":false},"_links":{"self":[{"href":"https:\/\/www.dhm-maquinaria.com\/index.php\/wp-json\/wp\/v2\/pages\/1791"}],"collection":[{"href":"https:\/\/www.dhm-maquinaria.com\/index.php\/wp-json\/wp\/v2\/pages"}],"about":[{"href":"https:\/\/www.dhm-maquinaria.com\/index.php\/wp-json\/wp\/v2\/types\/page"}],"author":[{"embeddable":true,"href":"https:\/\/www.dhm-maquinaria.com\/index.php\/wp-json\/wp\/v2\/users\/2"}],"replies":[{"embeddable":true,"href":"https:\/\/www.dhm-maquinaria.com\/index.php\/wp-json\/wp\/v2\/comments?post=1791"}],"version-history":[{"count":1,"href":"https:\/\/www.dhm-maquinaria.com\/index.php\/wp-json\/wp\/v2\/pages\/1791\/revisions"}],"predecessor-version":[{"id":1792,"href":"https:\/\/www.dhm-maquinaria.com\/index.php\/wp-json\/wp\/v2\/pages\/1791\/revisions\/1792"}],"wp:attachment":[{"href":"https:\/\/www.dhm-maquinaria.com\/index.php\/wp-json\/wp\/v2\/media?parent=1791"}],"curies":[{"name":"wp","href":"https:\/\/api.w.org\/{rel}","templated":true}]}}