{"id":1781,"date":"2019-09-17T11:00:36","date_gmt":"2019-09-17T17:00:36","guid":{"rendered":"http:\/\/dhmmaquinaria.ika.mx\/wordpress\/?page_id=1781"},"modified":"2019-12-12T10:01:19","modified_gmt":"2019-12-12T17:01:19","slug":"mantenimiento-correctivo","status":"publish","type":"page","link":"https:\/\/www.dhm-maquinaria.com\/index.php\/mantenimiento-correctivo\/","title":{"rendered":"Mantenimiento Correctivo"},"content":{"rendered":"<p>[vc_row][vc_column][vc_column_text]Nos enfocamos en atender su necesidad; de reparar o mantener su m\u00e1quina cuando est\u00e1 presente una aver\u00eda que este impidiendo la producci\u00f3n de la misma.<\/p>\n<p>Para atender estas situaciones existen dos servicios;<\/p>\n<p><u><strong>Urgente:<\/strong><\/u>\u00a0Acudiremos a sus instalaciones lo m\u00e1s pronto posible para poder corregir o reparar la causa que origine el paro de su m\u00e1quina.<\/p>\n<p><u><strong>Programada:<\/strong><\/u> Propondremos una fecha a convenir para poder regresar a producci\u00f3n habitual su m\u00e1quina.[\/vc_column_text][\/vc_column][\/vc_row]<\/p>\n","protected":false},"excerpt":{"rendered":"<p>[vc_row][vc_column][vc_column_text]Nos enfocamos en atender su necesidad; de reparar o mantener su m\u00e1quina cuando est\u00e1 presente una aver\u00eda que este impidiendo la producci\u00f3n de la misma. Para atender estas situaciones existen dos servicios; Urgente:\u00a0Acudiremos a sus instalaciones lo m\u00e1s pronto posible para poder corregir o reparar la causa que origine el paro de su m\u00e1quina. Programada: [&hellip;]<\/p>\n","protected":false},"author":2,"featured_media":0,"parent":0,"menu_order":0,"comment_status":"closed","ping_status":"closed","template":"","meta":{"_mi_skip_tracking":false},"_links":{"self":[{"href":"https:\/\/www.dhm-maquinaria.com\/index.php\/wp-json\/wp\/v2\/pages\/1781"}],"collection":[{"href":"https:\/\/www.dhm-maquinaria.com\/index.php\/wp-json\/wp\/v2\/pages"}],"about":[{"href":"https:\/\/www.dhm-maquinaria.com\/index.php\/wp-json\/wp\/v2\/types\/page"}],"author":[{"embeddable":true,"href":"https:\/\/www.dhm-maquinaria.com\/index.php\/wp-json\/wp\/v2\/users\/2"}],"replies":[{"embeddable":true,"href":"https:\/\/www.dhm-maquinaria.com\/index.php\/wp-json\/wp\/v2\/comments?post=1781"}],"version-history":[{"count":5,"href":"https:\/\/www.dhm-maquinaria.com\/index.php\/wp-json\/wp\/v2\/pages\/1781\/revisions"}],"predecessor-version":[{"id":2922,"href":"https:\/\/www.dhm-maquinaria.com\/index.php\/wp-json\/wp\/v2\/pages\/1781\/revisions\/2922"}],"wp:attachment":[{"href":"https:\/\/www.dhm-maquinaria.com\/index.php\/wp-json\/wp\/v2\/media?parent=1781"}],"curies":[{"name":"wp","href":"https:\/\/api.w.org\/{rel}","templated":true}]}}