{"id":1384,"date":"2016-03-07T09:20:04","date_gmt":"2016-03-07T09:20:04","guid":{"rendered":"http:\/\/demo.snstheme.com\/wp\/sara\/?page_id=28"},"modified":"2019-09-02T17:43:41","modified_gmt":"2019-09-02T23:43:41","slug":"nosotros","status":"publish","type":"page","link":"https:\/\/www.dhm-maquinaria.com\/index.php\/nosotros\/","title":{"rendered":"Nosotros"},"content":{"rendered":"<p>[vc_row css=&#8221;.vc_custom_1463995389566{margin-bottom: 0px !important;padding-top: 0px !important;padding-bottom: 0px !important;}&#8221;][vc_column][vc_single_image image=&#8221;1490&#8243; img_size=&#8221;full&#8221; alignment=&#8221;center&#8221;][\/vc_column][\/vc_row][vc_row css=&#8221;.vc_custom_1463995621330{margin-top: 0px !important;margin-bottom: 0px !important;padding-top: 0px !important;padding-bottom: 0px !important;}&#8221;][vc_column css=&#8221;.vc_custom_1463995615274{margin-bottom: 0px !important;}&#8221;][vc_column_text el_class=&#8221;sns-text-block font-2 sns-aboutus-symbol&#8221;]&#8221;[\/vc_column_text][\/vc_column][\/vc_row][vc_row css=&#8221;.vc_custom_1463995603265{padding-top: 0px !important;padding-bottom: 0px !important;}&#8221;][vc_column width=&#8221;1\/3&#8243;][vc_column_text]Dom\u00ednguez Herramientas de M\u00e9xico (DHM) nace en Chihuahua hace 12 a\u00f1os, posicion\u00e1ndose en la industria gracias a la gama de productos de alta calidad que ofrecemos.<\/p>\n<blockquote><p>&#8220;Esto y nuestro servicio nos ha ayudado a desarrollar grandes socios comerciales. &#8220;<\/p><\/blockquote>\n<p>[\/vc_column_text][vc_column_text]<\/p>\n<h3 style=\"text-align: center;\">Visi\u00f3n<\/h3>\n<div align=\"justify\">Ser una ruta de soluciones para nuestros clientes y buscar alianzas a trav\u00e9s de nuestro servicio ya que \u00e9ste ser\u00eda el camino para ganarnos la confianza.<\/div>\n<p>[\/vc_column_text][\/vc_column][vc_column width=&#8221;1\/3&#8243;][vc_column_text]<\/p>\n<h3 style=\"text-align: center;\">Misi\u00f3n<\/h3>\n<div align=\"justify\">\n<p>Dedicados a ofrecer nuestro m\u00e1ximo empe\u00f1o, con el fin de crear caras felices a nuestros socios comerciales acerc\u00e1ndoles productos valiosos, con ese valor de satisfacer necesidades.<\/p>\n<p>Buscando que nuestro esfuerzo sea igualmente importante a nuestros clientes, cumpliendo objetivos como equipo y desarrollando crecimiento para cada individuo.<\/p>\n<p>El resultado: una entrega plena de nosotros mismos.<\/p>\n<\/div>\n<p>[\/vc_column_text][\/vc_column][vc_column width=&#8221;1\/3&#8243;][vc_single_image image=&#8221;1633&#8243; img_size=&#8221;full&#8221; alignment=&#8221;right&#8221;][\/vc_column][\/vc_row][vc_row css=&#8221;.vc_custom_1463995668467{padding-top: 0px !important;padding-bottom: 0px !important;}&#8221;][vc_column width=&#8221;1\/3&#8243;][\/vc_column][vc_column width=&#8221;1\/3&#8243;][\/vc_column][vc_column width=&#8221;1\/3&#8243;][\/vc_column][\/vc_row]<\/p>\n","protected":false},"excerpt":{"rendered":"<p>[vc_row css=&#8221;.vc_custom_1463995389566{margin-bottom: 0px !important;padding-top: 0px !important;padding-bottom: 0px !important;}&#8221;][vc_column][vc_single_image image=&#8221;1490&#8243; img_size=&#8221;full&#8221; alignment=&#8221;center&#8221;][\/vc_column][\/vc_row][vc_row css=&#8221;.vc_custom_1463995621330{margin-top: 0px !important;margin-bottom: 0px !important;padding-top: 0px !important;padding-bottom: 0px !important;}&#8221;][vc_column css=&#8221;.vc_custom_1463995615274{margin-bottom: 0px !important;}&#8221;][vc_column_text el_class=&#8221;sns-text-block font-2 sns-aboutus-symbol&#8221;]&#8221;[\/vc_column_text][\/vc_column][\/vc_row][vc_row css=&#8221;.vc_custom_1463995603265{padding-top: 0px !important;padding-bottom: 0px !important;}&#8221;][vc_column width=&#8221;1\/3&#8243;][vc_column_text]Dom\u00ednguez Herramientas de M\u00e9xico (DHM) nace en Chihuahua hace 12 a\u00f1os, posicion\u00e1ndose en la industria gracias a la gama de productos de alta calidad [&hellip;]<\/p>\n","protected":false},"author":1,"featured_media":0,"parent":0,"menu_order":0,"comment_status":"closed","ping_status":"closed","template":"","meta":{"_mi_skip_tracking":false},"_links":{"self":[{"href":"https:\/\/www.dhm-maquinaria.com\/index.php\/wp-json\/wp\/v2\/pages\/1384"}],"collection":[{"href":"https:\/\/www.dhm-maquinaria.com\/index.php\/wp-json\/wp\/v2\/pages"}],"about":[{"href":"https:\/\/www.dhm-maquinaria.com\/index.php\/wp-json\/wp\/v2\/types\/page"}],"author":[{"embeddable":true,"href":"https:\/\/www.dhm-maquinaria.com\/index.php\/wp-json\/wp\/v2\/users\/1"}],"replies":[{"embeddable":true,"href":"https:\/\/www.dhm-maquinaria.com\/index.php\/wp-json\/wp\/v2\/comments?post=1384"}],"version-history":[{"count":9,"href":"https:\/\/www.dhm-maquinaria.com\/index.php\/wp-json\/wp\/v2\/pages\/1384\/revisions"}],"predecessor-version":[{"id":1636,"href":"https:\/\/www.dhm-maquinaria.com\/index.php\/wp-json\/wp\/v2\/pages\/1384\/revisions\/1636"}],"wp:attachment":[{"href":"https:\/\/www.dhm-maquinaria.com\/index.php\/wp-json\/wp\/v2\/media?parent=1384"}],"curies":[{"name":"wp","href":"https:\/\/api.w.org\/{rel}","templated":true}]}}